{"id":2302,"date":"2019-07-30T11:25:44","date_gmt":"2019-07-30T09:25:44","guid":{"rendered":"https:\/\/pensionmaite.com\/home\/"},"modified":"2026-03-11T08:58:56","modified_gmt":"2026-03-11T07:58:56","slug":"home","status":"publish","type":"page","link":"https:\/\/pensionmaite.com\/en\/","title":{"rendered":"Home"},"content":{"rendered":"<section class=\"l-section wpb_row height_medium full_height valign_center color_primary with_slider\"><div class=\"l-section-slider\"><div class=\"w-slider style_none fit_cover nav_none count_4\"><div class=\"w-slider-h\" aria-hidden=\"true\"><div class=\"royalSlider\"><div class=\"rsContent\"><a class=\"rsImg\" data-rsw=\"2560\" data-rsh=\"1468\" href=\"https:\/\/pensionmaite.com\/wp-content\/uploads\/2026\/03\/ultrash-ricco-8KCquMrFEPg-unsplash-scaled.jpg\"><span data-alt=\"\"><\/span><\/a><\/div><div class=\"rsContent\"><a class=\"rsImg\" data-rsw=\"1500\" data-rsh=\"841\" href=\"https:\/\/pensionmaite.com\/wp-content\/uploads\/2026\/03\/slider-pintxos.jpg\"><span data-alt=\"\"><\/span><\/a><\/div><div class=\"rsContent\"><a class=\"rsImg\" data-rsw=\"2560\" data-rsh=\"1707\" href=\"https:\/\/pensionmaite.com\/wp-content\/uploads\/2026\/03\/hans-jurgen-weinhardt-jdEkLgP4WqM-unsplash-scaled.jpg\"><span data-alt=\"\"><\/span><\/a><\/div><div class=\"rsContent\"><a class=\"rsImg\" data-rsw=\"2560\" data-rsh=\"1707\" href=\"https:\/\/pensionmaite.com\/wp-content\/uploads\/2026\/03\/andrea-huls-pareja-9etLlD9f8BI-unsplash-scaled.jpg\"><span data-alt=\"\"><\/span><\/a><\/div><\/div><img decoding=\"async\" src=\"https:\/\/pensionmaite.com\/wp-content\/uploads\/2026\/03\/ultrash-ricco-8KCquMrFEPg-unsplash-scaled.jpg\" width=\"2560\" height=\"1468\" alt loading=\"lazy\"><\/div><div class=\"w-slider-json\" onclick='return {&quot;autoScaleSlider&quot;:true,&quot;addActiveClass&quot;:true,&quot;loop&quot;:true,&quot;fadeInLoadedSlide&quot;:false,&quot;slidesSpacing&quot;:0,&quot;imageScalePadding&quot;:0,&quot;numImagesToPreload&quot;:2,&quot;arrowsNav&quot;:false,&quot;arrowsNavAutoHide&quot;:false,&quot;transitionType&quot;:&quot;move&quot;,&quot;transitionSpeed&quot;:1000,&quot;block&quot;:{&quot;moveEffect&quot;:&quot;none&quot;,&quot;speed&quot;:300},&quot;thumbs&quot;:{&quot;fitInViewport&quot;:false,&quot;firstMargin&quot;:false,&quot;spacing&quot;:4},&quot;controlNavigation&quot;:&quot;none&quot;,&quot;autoplay&quot;:{&quot;enabled&quot;:true,&quot;pauseOnHover&quot;:false,&quot;delay&quot;:3000},&quot;autoScaleSliderWidth&quot;:2560,&quot;autoScaleSliderHeight&quot;:1468}'><\/div><\/div><\/div><div class=\"l-section-overlay\" style=\"background:rgba(0,0,0,0.55)\"><\/div><div class=\"l-section-h i-cf\"><div class=\"g-cols vc_row via_grid cols_2-1 laptops-cols_inherit tablets-cols_inherit mobiles-cols_1 valign_top type_default stacking_default\"><div class=\"wpb_column vc_column_container\"><div class=\"vc_column-inner\"><h2 class=\"w-text us_custom_59139a13\"><span class=\"w-text-h\"><span class=\"w-text-value\">Your accommodation just steps away from everything in Donostia-San Sebasti\u00e1n<\/span><\/span><\/h2><div class=\"wpb_text_column\"><div class=\"wpb_wrapper\"><p>In the Amara neighbourhood, next to Anoeta-Illumbe, with public transport right outside the door. A 25-minute walk from La Concha and with rooms featuring a full bathroom and free WiFi.<\/p>\n<\/div><\/div><div class=\"w-separator size_small\"><\/div><div class=\"w-btn-wrapper align_none\"><a class=\"w-btn us-btn-style_1\" href=\"https:\/\/pensionmaite.com\/habitaciones\/\"><span class=\"w-btn-label\">View rooms<\/span><\/a><\/div><\/div><\/div><div class=\"wpb_column vc_column_container\"><div class=\"vc_column-inner\"><\/div><\/div><\/div><\/div><\/section><section class=\"l-section wpb_row height_medium full_height valign_center color_primary with_img parallax_ver\"><div class=\"l-section-img\" role=\"img\" aria-label=\"Image\" data-img-width=\"1920\" data-img-height=\"1200\" style=\"background-image: url(https:\/\/pensionmaite.com\/wp-content\/uploads\/2026\/03\/anoeta-noche.jpg);\"><\/div><div class=\"l-section-overlay\" style=\"background:rgba(0,0,0,0.55)\"><\/div><div class=\"l-section-h i-cf\"><div class=\"g-cols vc_row via_grid cols_3-2 laptops-cols_inherit tablets-cols_inherit mobiles-cols_1 valign_top type_default stacking_default\"><div class=\"wpb_column vc_column_container\"><div class=\"vc_column-inner\"><h2 class=\"w-text us_custom_59139a13\"><span class=\"w-text-h\"><span class=\"w-text-value\">Donostia, easy<br \/>\nand close by<\/span><\/span><\/h2><div class=\"wpb_text_column\"><div class=\"wpb_wrapper\"><p>Bus and train stops are one minute away, and Atotxa is 15 minutes away. La Concha Beach, Anoeta and the Kursaal are within walking distance or easy to reach by public transport, with everything you need in your room.<\/p>\n<\/div><\/div><div class=\"w-separator size_small\"><\/div><div class=\"w-btn-wrapper align_none\"><a class=\"w-btn us-btn-style_1\" href=\"https:\/\/pensionmaite.com\/pension-maite\/\"><span class=\"w-btn-label\">Get to know us<\/span><\/a><\/div><\/div><\/div><div class=\"wpb_column vc_column_container\"><div class=\"vc_column-inner\"><\/div><\/div><\/div><\/div><\/section><section class=\"l-section wpb_row height_medium full_height valign_center color_primary with_img parallax_ver\"><div class=\"l-section-img\" role=\"img\" aria-label=\"Image\" data-img-width=\"1920\" data-img-height=\"2560\" style=\"background-image: url(https:\/\/pensionmaite.com\/wp-content\/uploads\/2026\/03\/IMG_3052-scaled.jpg);\"><\/div><div class=\"l-section-overlay\" style=\"background:rgba(0,0,0,0.55)\"><\/div><div class=\"l-section-h i-cf\"><div class=\"g-cols vc_row via_grid cols_3-2 laptops-cols_inherit tablets-cols_inherit mobiles-cols_1 valign_top type_default stacking_default\"><div class=\"wpb_column vc_column_container\"><div class=\"vc_column-inner\"><h2 class=\"w-text us_custom_59139a13\"><span class=\"w-text-h\"><span class=\"w-text-value\">Arrive, park and get around hassle-free<\/span><\/span><\/h2><div class=\"wpb_text_column\"><div class=\"wpb_wrapper\"><p>We are located on Avenida de Madrid, next to the city\u2019s entrance and exit routes, and perfectly connected to the centre.<\/p>\n<\/div><\/div><div class=\"w-separator size_small\"><\/div><div class=\"w-btn-wrapper align_none\"><a class=\"w-btn us-btn-style_1\" href=\"https:\/\/pensionmaite.com\/localizacion\/\"><span class=\"w-btn-label\">View location<\/span><\/a><\/div><\/div><\/div><div class=\"wpb_column vc_column_container\"><div class=\"vc_column-inner\"><\/div><\/div><\/div><\/div><\/section><section class=\"l-section wpb_row height_medium full_height valign_center color_primary with_img parallax_ver\"><div class=\"l-section-img\" role=\"img\" aria-label=\"Image\" data-img-width=\"2560\" data-img-height=\"1920\" style=\"background-image: url(https:\/\/pensionmaite.com\/wp-content\/uploads\/2026\/03\/IMG_3008-scaled.jpg);\"><\/div><div class=\"l-section-overlay\" style=\"background:rgba(0,0,0,0.55)\"><\/div><div class=\"l-section-h i-cf\"><div class=\"g-cols vc_row via_grid cols_3-2 laptops-cols_inherit tablets-cols_inherit mobiles-cols_1 valign_top type_default stacking_default\"><div class=\"wpb_column vc_column_container\"><div class=\"vc_column-inner\"><h2 class=\"w-text us_custom_59139a13\"><span class=\"w-text-h\"><span class=\"w-text-value\">Rooms designed for your comfort<\/span><\/span><\/h2><div class=\"wpb_text_column\"><div class=\"wpb_wrapper\"><p>We offer 16 rooms with private bathroom, WiFi, TV and fridge, so you can relax in complete peace of mind.<\/p>\n<\/div><\/div><div class=\"w-separator size_small\"><\/div><div class=\"w-btn-wrapper align_none\"><a class=\"w-btn us-btn-style_1\" href=\"https:\/\/pensionmaite.com\/habitaciones\/\"><span class=\"w-btn-label\">View rooms<\/span><\/a><\/div><\/div><\/div><div class=\"wpb_column vc_column_container\"><div class=\"vc_column-inner\"><\/div><\/div><\/div><\/div><\/section><section class=\"l-section wpb_row height_medium full_height valign_center color_primary with_img parallax_ver\"><div class=\"l-section-img\" role=\"img\" aria-label=\"Image\" data-img-width=\"2560\" data-img-height=\"1920\" style=\"background-image: url(https:\/\/pensionmaite.com\/wp-content\/uploads\/2026\/03\/IMG_3142-scaled.jpg);\"><\/div><div class=\"l-section-overlay\" style=\"background:rgba(0,0,0,0.55)\"><\/div><div class=\"l-section-h i-cf\"><div class=\"g-cols vc_row via_grid cols_3-2 laptops-cols_inherit tablets-cols_inherit mobiles-cols_1 valign_top type_default stacking_default\"><div class=\"wpb_column vc_column_container\"><div class=\"vc_column-inner\"><h2 class=\"w-text us_custom_59139a13\"><span class=\"w-text-h\"><span class=\"w-text-value\">Perfect for couples, families or groups<\/span><\/span><\/h2><div class=\"wpb_text_column\"><div class=\"wpb_wrapper\"><p>Single, double and triple rooms, plus a family option.<\/p>\n<\/div><\/div><div class=\"w-separator size_small\"><\/div><div class=\"w-btn-wrapper align_none\"><a class=\"w-btn us-btn-style_1\" href=\"https:\/\/pensionmaite.com\/habitaciones\/\"><span class=\"w-btn-label\">View rooms<\/span><\/a><\/div><div class=\"w-scroller style_1 pos_right with_dots\" aria-hidden=\"true\" data-speed=\"1000\" data-disablewidth=\"768\"><div class=\"w-scroller-dots\" style=\"font-size:14px;\"><div class=\"w-scroller-dot\" role=\"button\"><span><\/span><\/div><\/div><\/div><\/div><\/div><div class=\"wpb_column vc_column_container\"><div class=\"vc_column-inner\"><\/div><\/div><\/div><\/div><\/section>\n&#8220;`<\/p>\n","protected":false},"excerpt":{"rendered":"<p>&#8220;`<\/p>\n","protected":false},"author":2,"featured_media":0,"parent":0,"menu_order":0,"comment_status":"closed","ping_status":"closed","template":"","meta":{"footnotes":""},"class_list":["post-2302","page","type-page","status-publish","hentry"],"yoast_head":"<!-- This site is optimized with the Yoast SEO plugin v27.0 - https:\/\/yoast.com\/product\/yoast-seo-wordpress\/ -->\n<title>Pension Maite San Sebast\u00edan - alojamiento en Amara (Donostia)<\/title>\n<meta name=\"description\" content=\"Pensi\u00f3n en el barrio de Amara, junto a Anoeta y con transporte p\u00fablico en la puerta. 16 con habitaciones con ba\u00f1o completo.\" \/>\n<meta name=\"robots\" content=\"index, follow, max-snippet:-1, max-image-preview:large, max-video-preview:-1\" \/>\n<link rel=\"canonical\" href=\"https:\/\/pensionmaite.com\/en\/\" \/>\n<meta property=\"og:locale\" content=\"en_US\" \/>\n<meta property=\"og:type\" content=\"article\" \/>\n<meta property=\"og:title\" content=\"Pension Maite San Sebast\u00edan - alojamiento en Amara (Donostia)\" \/>\n<meta property=\"og:description\" content=\"Pensi\u00f3n en el barrio de Amara, junto a Anoeta y con transporte p\u00fablico en la puerta. 16 con habitaciones con ba\u00f1o completo.\" \/>\n<meta property=\"og:url\" content=\"https:\/\/pensionmaite.com\/en\/\" \/>\n<meta property=\"og:site_name\" content=\"Pension Maite San Sebast\u00edan\" \/>\n<meta property=\"article:modified_time\" content=\"2026-03-11T07:58:56+00:00\" \/>\n<meta name=\"twitter:card\" content=\"summary_large_image\" \/>\n<meta name=\"twitter:label1\" content=\"Est. reading time\" \/>\n\t<meta name=\"twitter:data1\" content=\"2 minutes\" \/>\n<script type=\"application\/ld+json\" class=\"yoast-schema-graph\">{\"@context\":\"https:\/\/schema.org\",\"@graph\":[{\"@type\":\"WebPage\",\"@id\":\"https:\/\/pensionmaite.com\/en\/\",\"url\":\"https:\/\/pensionmaite.com\/en\/\",\"name\":\"Pension Maite San Sebast\u00edan - alojamiento en Amara (Donostia)\",\"isPartOf\":{\"@id\":\"https:\/\/pensionmaite.com\/#website\"},\"datePublished\":\"2019-07-30T09:25:44+00:00\",\"dateModified\":\"2026-03-11T07:58:56+00:00\",\"description\":\"Pensi\u00f3n en el barrio de Amara, junto a Anoeta y con transporte p\u00fablico en la puerta. 16 con habitaciones con ba\u00f1o completo.\",\"breadcrumb\":{\"@id\":\"https:\/\/pensionmaite.com\/en\/#breadcrumb\"},\"inLanguage\":\"en-US\",\"potentialAction\":[{\"@type\":\"ReadAction\",\"target\":[\"https:\/\/pensionmaite.com\/en\/\"]}]},{\"@type\":\"BreadcrumbList\",\"@id\":\"https:\/\/pensionmaite.com\/en\/#breadcrumb\",\"itemListElement\":[{\"@type\":\"ListItem\",\"position\":1,\"name\":\"Portada\",\"item\":\"https:\/\/pensionmaite.com\/en\/\"},{\"@type\":\"ListItem\",\"position\":2,\"name\":\"Home\"}]},{\"@type\":\"WebSite\",\"@id\":\"https:\/\/pensionmaite.com\/#website\",\"url\":\"https:\/\/pensionmaite.com\/\",\"name\":\"Pension Maite San Sebast\u00edan\",\"description\":\"Pensi\u00f3n en el barrio de Amara (San Sebast\u00edan)\",\"potentialAction\":[{\"@type\":\"SearchAction\",\"target\":{\"@type\":\"EntryPoint\",\"urlTemplate\":\"https:\/\/pensionmaite.com\/?s={search_term_string}\"},\"query-input\":{\"@type\":\"PropertyValueSpecification\",\"valueRequired\":true,\"valueName\":\"search_term_string\"}}],\"inLanguage\":\"en-US\"}]}<\/script>\n<!-- \/ Yoast SEO plugin. -->","yoast_head_json":{"title":"Pension Maite San Sebast\u00edan - alojamiento en Amara (Donostia)","description":"Pensi\u00f3n en el barrio de Amara, junto a Anoeta y con transporte p\u00fablico en la puerta. 16 con habitaciones con ba\u00f1o completo.","robots":{"index":"index","follow":"follow","max-snippet":"max-snippet:-1","max-image-preview":"max-image-preview:large","max-video-preview":"max-video-preview:-1"},"canonical":"https:\/\/pensionmaite.com\/en\/","og_locale":"en_US","og_type":"article","og_title":"Pension Maite San Sebast\u00edan - alojamiento en Amara (Donostia)","og_description":"Pensi\u00f3n en el barrio de Amara, junto a Anoeta y con transporte p\u00fablico en la puerta. 16 con habitaciones con ba\u00f1o completo.","og_url":"https:\/\/pensionmaite.com\/en\/","og_site_name":"Pension Maite San Sebast\u00edan","article_modified_time":"2026-03-11T07:58:56+00:00","twitter_card":"summary_large_image","twitter_misc":{"Est. reading time":"2 minutes"},"schema":{"@context":"https:\/\/schema.org","@graph":[{"@type":"WebPage","@id":"https:\/\/pensionmaite.com\/en\/","url":"https:\/\/pensionmaite.com\/en\/","name":"Pension Maite San Sebast\u00edan - alojamiento en Amara (Donostia)","isPartOf":{"@id":"https:\/\/pensionmaite.com\/#website"},"datePublished":"2019-07-30T09:25:44+00:00","dateModified":"2026-03-11T07:58:56+00:00","description":"Pensi\u00f3n en el barrio de Amara, junto a Anoeta y con transporte p\u00fablico en la puerta. 16 con habitaciones con ba\u00f1o completo.","breadcrumb":{"@id":"https:\/\/pensionmaite.com\/en\/#breadcrumb"},"inLanguage":"en-US","potentialAction":[{"@type":"ReadAction","target":["https:\/\/pensionmaite.com\/en\/"]}]},{"@type":"BreadcrumbList","@id":"https:\/\/pensionmaite.com\/en\/#breadcrumb","itemListElement":[{"@type":"ListItem","position":1,"name":"Portada","item":"https:\/\/pensionmaite.com\/en\/"},{"@type":"ListItem","position":2,"name":"Home"}]},{"@type":"WebSite","@id":"https:\/\/pensionmaite.com\/#website","url":"https:\/\/pensionmaite.com\/","name":"Pension Maite San Sebast\u00edan","description":"Pensi\u00f3n en el barrio de Amara (San Sebast\u00edan)","potentialAction":[{"@type":"SearchAction","target":{"@type":"EntryPoint","urlTemplate":"https:\/\/pensionmaite.com\/?s={search_term_string}"},"query-input":{"@type":"PropertyValueSpecification","valueRequired":true,"valueName":"search_term_string"}}],"inLanguage":"en-US"}]}},"_links":{"self":[{"href":"https:\/\/pensionmaite.com\/en\/wp-json\/wp\/v2\/pages\/2302","targetHints":{"allow":["GET"]}}],"collection":[{"href":"https:\/\/pensionmaite.com\/en\/wp-json\/wp\/v2\/pages"}],"about":[{"href":"https:\/\/pensionmaite.com\/en\/wp-json\/wp\/v2\/types\/page"}],"author":[{"embeddable":true,"href":"https:\/\/pensionmaite.com\/en\/wp-json\/wp\/v2\/users\/2"}],"replies":[{"embeddable":true,"href":"https:\/\/pensionmaite.com\/en\/wp-json\/wp\/v2\/comments?post=2302"}],"version-history":[{"count":4,"href":"https:\/\/pensionmaite.com\/en\/wp-json\/wp\/v2\/pages\/2302\/revisions"}],"predecessor-version":[{"id":2321,"href":"https:\/\/pensionmaite.com\/en\/wp-json\/wp\/v2\/pages\/2302\/revisions\/2321"}],"wp:attachment":[{"href":"https:\/\/pensionmaite.com\/en\/wp-json\/wp\/v2\/media?parent=2302"}],"curies":[{"name":"wp","href":"https:\/\/api.w.org\/{rel}","templated":true}]}}