{"id":2393,"date":"2019-07-30T11:25:44","date_gmt":"2019-07-30T09:25:44","guid":{"rendered":"https:\/\/pensionmaite.com\/home\/"},"modified":"2026-03-11T11:24:41","modified_gmt":"2026-03-11T10:24:41","slug":"home","status":"publish","type":"page","link":"https:\/\/pensionmaite.com\/eu\/","title":{"rendered":"Hasiera"},"content":{"rendered":"<section class=\"l-section wpb_row height_medium full_height valign_center color_primary with_slider\"><div class=\"l-section-slider\"><div class=\"w-slider style_none fit_cover nav_none count_4\"><div class=\"w-slider-h\" aria-hidden=\"true\"><div class=\"royalSlider\"><div class=\"rsContent\"><a class=\"rsImg\" data-rsw=\"2560\" data-rsh=\"1468\" href=\"https:\/\/pensionmaite.com\/wp-content\/uploads\/2026\/03\/ultrash-ricco-8KCquMrFEPg-unsplash-scaled.jpg\"><span data-alt=\"\"><\/span><\/a><\/div><div class=\"rsContent\"><a class=\"rsImg\" data-rsw=\"1500\" data-rsh=\"841\" href=\"https:\/\/pensionmaite.com\/wp-content\/uploads\/2026\/03\/slider-pintxos.jpg\"><span data-alt=\"\"><\/span><\/a><\/div><div class=\"rsContent\"><a class=\"rsImg\" data-rsw=\"2560\" data-rsh=\"1707\" href=\"https:\/\/pensionmaite.com\/wp-content\/uploads\/2026\/03\/hans-jurgen-weinhardt-jdEkLgP4WqM-unsplash-scaled.jpg\"><span data-alt=\"\"><\/span><\/a><\/div><div class=\"rsContent\"><a class=\"rsImg\" data-rsw=\"2560\" data-rsh=\"1707\" href=\"https:\/\/pensionmaite.com\/wp-content\/uploads\/2026\/03\/andrea-huls-pareja-9etLlD9f8BI-unsplash-scaled.jpg\"><span data-alt=\"\"><\/span><\/a><\/div><\/div><img decoding=\"async\" src=\"https:\/\/pensionmaite.com\/wp-content\/uploads\/2026\/03\/ultrash-ricco-8KCquMrFEPg-unsplash-scaled.jpg\" width=\"2560\" height=\"1468\" alt loading=\"lazy\"><\/div><div class=\"w-slider-json\" onclick='return {&quot;autoScaleSlider&quot;:true,&quot;addActiveClass&quot;:true,&quot;loop&quot;:true,&quot;fadeInLoadedSlide&quot;:false,&quot;slidesSpacing&quot;:0,&quot;imageScalePadding&quot;:0,&quot;numImagesToPreload&quot;:2,&quot;arrowsNav&quot;:false,&quot;arrowsNavAutoHide&quot;:false,&quot;transitionType&quot;:&quot;move&quot;,&quot;transitionSpeed&quot;:1000,&quot;block&quot;:{&quot;moveEffect&quot;:&quot;none&quot;,&quot;speed&quot;:300},&quot;thumbs&quot;:{&quot;fitInViewport&quot;:false,&quot;firstMargin&quot;:false,&quot;spacing&quot;:4},&quot;controlNavigation&quot;:&quot;none&quot;,&quot;autoplay&quot;:{&quot;enabled&quot;:true,&quot;pauseOnHover&quot;:false,&quot;delay&quot;:3000},&quot;autoScaleSliderWidth&quot;:2560,&quot;autoScaleSliderHeight&quot;:1468}'><\/div><\/div><\/div><div class=\"l-section-overlay\" style=\"background:rgba(0,0,0,0.55)\"><\/div><div class=\"l-section-h i-cf\"><div class=\"g-cols vc_row via_grid cols_2-1 laptops-cols_inherit tablets-cols_inherit mobiles-cols_1 valign_top type_default stacking_default\"><div class=\"wpb_column vc_column_container\"><div class=\"vc_column-inner\"><h2 class=\"w-text us_custom_59139a13\"><span class=\"w-text-h\"><span class=\"w-text-value\">Zure ostatua Donostia-San Sebasti\u00e1neko toki guztietatik gertu<\/span><\/span><\/h2><div class=\"wpb_text_column\"><div class=\"wpb_wrapper\"><p>Amara auzoan, Anoeta-Illumberen ondoan eta garraio publikoa atean bertan. La Conchara oinez 25 minutura, eta bainugela osoa eta doako wifia duten logelekin.<\/p>\n<\/div><\/div><div class=\"w-separator size_small\"><\/div><div class=\"w-btn-wrapper align_none\"><a class=\"w-btn us-btn-style_1\" href=\"https:\/\/pensionmaite.com\/habitaciones\/\"><span class=\"w-btn-label\">Logelak ikusi<\/span><\/a><\/div><\/div><\/div><div class=\"wpb_column vc_column_container\"><div class=\"vc_column-inner\"><\/div><\/div><\/div><\/div><\/section><section class=\"l-section wpb_row height_medium full_height valign_center color_primary with_img parallax_ver\"><div class=\"l-section-img\" role=\"img\" aria-label=\"Image\" data-img-width=\"1920\" data-img-height=\"1200\" style=\"background-image: url(https:\/\/pensionmaite.com\/wp-content\/uploads\/2026\/03\/anoeta-noche.jpg);\"><\/div><div class=\"l-section-overlay\" style=\"background:rgba(0,0,0,0.55)\"><\/div><div class=\"l-section-h i-cf\"><div class=\"g-cols vc_row via_grid cols_3-2 laptops-cols_inherit tablets-cols_inherit mobiles-cols_1 valign_top type_default stacking_default\"><div class=\"wpb_column vc_column_container\"><div class=\"vc_column-inner\"><h2 class=\"w-text us_custom_59139a13\"><span class=\"w-text-h\"><span class=\"w-text-value\">Donostia, erraz<br \/>\neta gertu<\/span><\/span><\/h2><div class=\"wpb_text_column\"><div class=\"wpb_wrapper\"><p>Autobus eta tren geltokiak minutu batera daude, eta Atotxa 15 minutura. La Concha hondartza, Anoeta eta Kursaalera oinez edo garraio publikoan irits daitezke, eta logeletan behar duzun guztiarekin.<\/p>\n<\/div><\/div><div class=\"w-separator size_small\"><\/div><div class=\"w-btn-wrapper align_none\"><a class=\"w-btn us-btn-style_1\" href=\"https:\/\/pensionmaite.com\/pension-maite\/\"><span class=\"w-btn-label\">Ezagutu gaitzazu<\/span><\/a><\/div><\/div><\/div><div class=\"wpb_column vc_column_container\"><div class=\"vc_column-inner\"><\/div><\/div><\/div><\/div><\/section><section class=\"l-section wpb_row height_medium full_height valign_center color_primary with_img parallax_ver\"><div class=\"l-section-img\" role=\"img\" aria-label=\"Image\" data-img-width=\"1920\" data-img-height=\"2560\" style=\"background-image: url(https:\/\/pensionmaite.com\/wp-content\/uploads\/2026\/03\/IMG_3052-scaled.jpg);\"><\/div><div class=\"l-section-overlay\" style=\"background:rgba(0,0,0,0.55)\"><\/div><div class=\"l-section-h i-cf\"><div class=\"g-cols vc_row via_grid cols_3-2 laptops-cols_inherit tablets-cols_inherit mobiles-cols_1 valign_top type_default stacking_default\"><div class=\"wpb_column vc_column_container\"><div class=\"vc_column-inner\"><h2 class=\"w-text us_custom_59139a13\"><span class=\"w-text-h\"><span class=\"w-text-value\">Iritsi, aparkatu eta mugitu arazorik gabe<\/span><\/span><\/h2><div class=\"wpb_text_column\"><div class=\"wpb_wrapper\"><p>Madrid Etorbidean gaude kokatuta, hiriaren sarrera eta irteeraren ondoan, eta erdigunearekin ezin hobeto komunikatuta.<\/p>\n<\/div><\/div><div class=\"w-separator size_small\"><\/div><div class=\"w-btn-wrapper align_none\"><a class=\"w-btn us-btn-style_1\" href=\"https:\/\/pensionmaite.com\/localizacion\/\"><span class=\"w-btn-label\">Kokapena ikusi<\/span><\/a><\/div><\/div><\/div><div class=\"wpb_column vc_column_container\"><div class=\"vc_column-inner\"><\/div><\/div><\/div><\/div><\/section><section class=\"l-section wpb_row height_medium full_height valign_center color_primary with_img parallax_ver\"><div class=\"l-section-img\" role=\"img\" aria-label=\"Image\" data-img-width=\"2560\" data-img-height=\"1920\" style=\"background-image: url(https:\/\/pensionmaite.com\/wp-content\/uploads\/2026\/03\/IMG_3008-scaled.jpg);\"><\/div><div class=\"l-section-overlay\" style=\"background:rgba(0,0,0,0.55)\"><\/div><div class=\"l-section-h i-cf\"><div class=\"g-cols vc_row via_grid cols_3-2 laptops-cols_inherit tablets-cols_inherit mobiles-cols_1 valign_top type_default stacking_default\"><div class=\"wpb_column vc_column_container\"><div class=\"vc_column-inner\"><h2 class=\"w-text us_custom_59139a13\"><span class=\"w-text-h\"><span class=\"w-text-value\">Eroso egoteko logelak<\/span><\/span><\/h2><div class=\"wpb_text_column\"><div class=\"wpb_wrapper\"><p>16 logela ditugu bainugela pribatuarekin, wifi, telebista eta hozkailuarekin, lasai-lasai atseden hartzeko.<\/p>\n<\/div><\/div><div class=\"w-separator size_small\"><\/div><div class=\"w-btn-wrapper align_none\"><a class=\"w-btn us-btn-style_1\" href=\"https:\/\/pensionmaite.com\/habitaciones\/\"><span class=\"w-btn-label\">Logelak ikusi<\/span><\/a><\/div><\/div><\/div><div class=\"wpb_column vc_column_container\"><div class=\"vc_column-inner\"><\/div><\/div><\/div><\/div><\/section><section class=\"l-section wpb_row height_medium full_height valign_center color_primary with_img parallax_ver\"><div class=\"l-section-img\" role=\"img\" aria-label=\"Image\" data-img-width=\"2560\" data-img-height=\"1920\" style=\"background-image: url(https:\/\/pensionmaite.com\/wp-content\/uploads\/2026\/03\/IMG_3142-scaled.jpg);\"><\/div><div class=\"l-section-overlay\" style=\"background:rgba(0,0,0,0.55)\"><\/div><div class=\"l-section-h i-cf\"><div class=\"g-cols vc_row via_grid cols_3-2 laptops-cols_inherit tablets-cols_inherit mobiles-cols_1 valign_top type_default stacking_default\"><div class=\"wpb_column vc_column_container\"><div class=\"vc_column-inner\"><h2 class=\"w-text us_custom_59139a13\"><span class=\"w-text-h\"><span class=\"w-text-value\">Bikotean, familiarekin edo taldean etortzeko<\/span><\/span><\/h2><div class=\"wpb_text_column\"><div class=\"wpb_wrapper\"><p>Banakako, bikoitz eta hiruko logelak, eta familia logela aukerakoa.<\/p>\n<\/div><\/div><div class=\"w-separator size_small\"><\/div><div class=\"w-btn-wrapper align_none\"><a class=\"w-btn us-btn-style_1\" href=\"https:\/\/pensionmaite.com\/habitaciones\/\"><span class=\"w-btn-label\">Logelak ikusi<\/span><\/a><\/div><div class=\"w-scroller style_1 pos_right with_dots\" aria-hidden=\"true\" data-speed=\"1000\" data-disablewidth=\"768\"><div class=\"w-scroller-dots\" style=\"font-size:14px;\"><div class=\"w-scroller-dot\" role=\"button\"><span><\/span><\/div><\/div><\/div><\/div><\/div><div class=\"wpb_column vc_column_container\"><div class=\"vc_column-inner\"><\/div><\/div><\/div><\/div><\/section><section class=\"l-section wpb_row height_medium\"><div class=\"l-section-h i-cf\"><div class=\"g-cols vc_row via_grid cols_1 laptops-cols_inherit tablets-cols_inherit mobiles-cols_1 valign_top type_default stacking_default\"><div class=\"wpb_column vc_column_container\"><div class=\"vc_column-inner\"><div class=\"wpb_text_column\"><div class=\"wpb_wrapper\"><p>&#8220;`<\/p>\n<\/div><\/div><\/div><\/div><\/div><\/div><\/section>\n","protected":false},"excerpt":{"rendered":"Zure ostatua Donostia-San Sebasti\u00e1neko toki guztietatik gertuAmara auzoan, Anoeta-Illumberen ondoan eta garraio publikoa atean bertan. La Conchara oinez 25 minutura, eta bainugela osoa eta doako wifia duten logelekin. Logelak ikusiDonostia, erraz eta gertuAutobus eta tren geltokiak minutu batera daude, eta Atotxa 15 minutura. La Concha hondartza, Anoeta eta Kursaalera oinez edo garraio publikoan irits daitezke,...","protected":false},"author":2,"featured_media":0,"parent":0,"menu_order":0,"comment_status":"closed","ping_status":"closed","template":"","meta":{"footnotes":""},"class_list":["post-2393","page","type-page","status-publish","hentry"],"yoast_head":"<!-- This site is optimized with the Yoast SEO plugin v27.0 - https:\/\/yoast.com\/product\/yoast-seo-wordpress\/ -->\n<title>Pension Maite San Sebast\u00edan - alojamiento en Amara (Donostia)<\/title>\n<meta name=\"description\" content=\"Pensi\u00f3n en el barrio de Amara, junto a Anoeta y con transporte p\u00fablico en la puerta. 16 con habitaciones con ba\u00f1o completo.\" \/>\n<meta name=\"robots\" content=\"index, follow, max-snippet:-1, max-image-preview:large, max-video-preview:-1\" \/>\n<link rel=\"canonical\" href=\"https:\/\/pensionmaite.com\/eu\/\" \/>\n<meta property=\"og:locale\" content=\"eu_ES\" \/>\n<meta property=\"og:type\" content=\"article\" \/>\n<meta property=\"og:title\" content=\"Pension Maite San Sebast\u00edan - alojamiento en Amara (Donostia)\" \/>\n<meta property=\"og:description\" content=\"Pensi\u00f3n en el barrio de Amara, junto a Anoeta y con transporte p\u00fablico en la puerta. 16 con habitaciones con ba\u00f1o completo.\" \/>\n<meta property=\"og:url\" content=\"https:\/\/pensionmaite.com\/eu\/\" \/>\n<meta property=\"og:site_name\" content=\"Pension Maite San Sebast\u00edan\" \/>\n<meta property=\"article:modified_time\" content=\"2026-03-11T10:24:41+00:00\" \/>\n<meta name=\"twitter:card\" content=\"summary_large_image\" \/>\n<meta name=\"twitter:label1\" content=\"Est. reading time\" \/>\n\t<meta name=\"twitter:data1\" content=\"1 minute\" \/>\n<script type=\"application\/ld+json\" class=\"yoast-schema-graph\">{\"@context\":\"https:\/\/schema.org\",\"@graph\":[{\"@type\":\"WebPage\",\"@id\":\"https:\/\/pensionmaite.com\/eu\/\",\"url\":\"https:\/\/pensionmaite.com\/eu\/\",\"name\":\"Pension Maite San Sebast\u00edan - alojamiento en Amara (Donostia)\",\"isPartOf\":{\"@id\":\"https:\/\/pensionmaite.com\/#website\"},\"datePublished\":\"2019-07-30T09:25:44+00:00\",\"dateModified\":\"2026-03-11T10:24:41+00:00\",\"description\":\"Pensi\u00f3n en el barrio de Amara, junto a Anoeta y con transporte p\u00fablico en la puerta. 16 con habitaciones con ba\u00f1o completo.\",\"breadcrumb\":{\"@id\":\"https:\/\/pensionmaite.com\/eu\/#breadcrumb\"},\"inLanguage\":\"eu-ES\",\"potentialAction\":[{\"@type\":\"ReadAction\",\"target\":[\"https:\/\/pensionmaite.com\/eu\/\"]}]},{\"@type\":\"BreadcrumbList\",\"@id\":\"https:\/\/pensionmaite.com\/eu\/#breadcrumb\",\"itemListElement\":[{\"@type\":\"ListItem\",\"position\":1,\"name\":\"Portada\",\"item\":\"https:\/\/pensionmaite.com\/eu\/\"},{\"@type\":\"ListItem\",\"position\":2,\"name\":\"Hasiera\"}]},{\"@type\":\"WebSite\",\"@id\":\"https:\/\/pensionmaite.com\/#website\",\"url\":\"https:\/\/pensionmaite.com\/\",\"name\":\"Pension Maite San Sebast\u00edan\",\"description\":\"Pensi\u00f3n en el barrio de Amara (San Sebast\u00edan)\",\"potentialAction\":[{\"@type\":\"SearchAction\",\"target\":{\"@type\":\"EntryPoint\",\"urlTemplate\":\"https:\/\/pensionmaite.com\/?s={search_term_string}\"},\"query-input\":{\"@type\":\"PropertyValueSpecification\",\"valueRequired\":true,\"valueName\":\"search_term_string\"}}],\"inLanguage\":\"eu-ES\"}]}<\/script>\n<!-- \/ Yoast SEO plugin. -->","yoast_head_json":{"title":"Pension Maite San Sebast\u00edan - alojamiento en Amara (Donostia)","description":"Pensi\u00f3n en el barrio de Amara, junto a Anoeta y con transporte p\u00fablico en la puerta. 16 con habitaciones con ba\u00f1o completo.","robots":{"index":"index","follow":"follow","max-snippet":"max-snippet:-1","max-image-preview":"max-image-preview:large","max-video-preview":"max-video-preview:-1"},"canonical":"https:\/\/pensionmaite.com\/eu\/","og_locale":"eu_ES","og_type":"article","og_title":"Pension Maite San Sebast\u00edan - alojamiento en Amara (Donostia)","og_description":"Pensi\u00f3n en el barrio de Amara, junto a Anoeta y con transporte p\u00fablico en la puerta. 16 con habitaciones con ba\u00f1o completo.","og_url":"https:\/\/pensionmaite.com\/eu\/","og_site_name":"Pension Maite San Sebast\u00edan","article_modified_time":"2026-03-11T10:24:41+00:00","twitter_card":"summary_large_image","twitter_misc":{"Est. reading time":"1 minute"},"schema":{"@context":"https:\/\/schema.org","@graph":[{"@type":"WebPage","@id":"https:\/\/pensionmaite.com\/eu\/","url":"https:\/\/pensionmaite.com\/eu\/","name":"Pension Maite San Sebast\u00edan - alojamiento en Amara (Donostia)","isPartOf":{"@id":"https:\/\/pensionmaite.com\/#website"},"datePublished":"2019-07-30T09:25:44+00:00","dateModified":"2026-03-11T10:24:41+00:00","description":"Pensi\u00f3n en el barrio de Amara, junto a Anoeta y con transporte p\u00fablico en la puerta. 16 con habitaciones con ba\u00f1o completo.","breadcrumb":{"@id":"https:\/\/pensionmaite.com\/eu\/#breadcrumb"},"inLanguage":"eu-ES","potentialAction":[{"@type":"ReadAction","target":["https:\/\/pensionmaite.com\/eu\/"]}]},{"@type":"BreadcrumbList","@id":"https:\/\/pensionmaite.com\/eu\/#breadcrumb","itemListElement":[{"@type":"ListItem","position":1,"name":"Portada","item":"https:\/\/pensionmaite.com\/eu\/"},{"@type":"ListItem","position":2,"name":"Hasiera"}]},{"@type":"WebSite","@id":"https:\/\/pensionmaite.com\/#website","url":"https:\/\/pensionmaite.com\/","name":"Pension Maite San Sebast\u00edan","description":"Pensi\u00f3n en el barrio de Amara (San Sebast\u00edan)","potentialAction":[{"@type":"SearchAction","target":{"@type":"EntryPoint","urlTemplate":"https:\/\/pensionmaite.com\/?s={search_term_string}"},"query-input":{"@type":"PropertyValueSpecification","valueRequired":true,"valueName":"search_term_string"}}],"inLanguage":"eu-ES"}]}},"_links":{"self":[{"href":"https:\/\/pensionmaite.com\/eu\/wp-json\/wp\/v2\/pages\/2393","targetHints":{"allow":["GET"]}}],"collection":[{"href":"https:\/\/pensionmaite.com\/eu\/wp-json\/wp\/v2\/pages"}],"about":[{"href":"https:\/\/pensionmaite.com\/eu\/wp-json\/wp\/v2\/types\/page"}],"author":[{"embeddable":true,"href":"https:\/\/pensionmaite.com\/eu\/wp-json\/wp\/v2\/users\/2"}],"replies":[{"embeddable":true,"href":"https:\/\/pensionmaite.com\/eu\/wp-json\/wp\/v2\/comments?post=2393"}],"version-history":[{"count":4,"href":"https:\/\/pensionmaite.com\/eu\/wp-json\/wp\/v2\/pages\/2393\/revisions"}],"predecessor-version":[{"id":2453,"href":"https:\/\/pensionmaite.com\/eu\/wp-json\/wp\/v2\/pages\/2393\/revisions\/2453"}],"wp:attachment":[{"href":"https:\/\/pensionmaite.com\/eu\/wp-json\/wp\/v2\/media?parent=2393"}],"curies":[{"name":"wp","href":"https:\/\/api.w.org\/{rel}","templated":true}]}}