{"id":2465,"date":"2016-02-15T15:59:19","date_gmt":"2016-02-15T14:59:19","guid":{"rendered":"https:\/\/pensionmaite.com\/tarifas\/"},"modified":"2026-03-11T12:03:33","modified_gmt":"2026-03-11T11:03:33","slug":"tarifas","status":"publish","type":"page","link":"https:\/\/pensionmaite.com\/eu\/tarifas\/","title":{"rendered":"Tarifak"},"content":{"rendered":"<section class=\"l-section wpb_row height_medium\"><div class=\"l-section-h i-cf\"><div class=\"g-cols vc_row via_grid cols_1-3 laptops-cols_inherit tablets-cols_inherit mobiles-cols_1 valign_top type_default stacking_default\"><div class=\"wpb_column vc_column_container\"><div class=\"vc_column-inner\"><div class=\"w-image align_none\"><div class=\"w-image-h\"><img decoding=\"async\" width=\"768\" height=\"1024\" src=\"https:\/\/pensionmaite.com\/wp-content\/uploads\/2026\/03\/IMG_3139-768x1024.jpg\" class=\"attachment-large size-large\" alt=\"\" loading=\"lazy\" srcset=\"https:\/\/pensionmaite.com\/wp-content\/uploads\/2026\/03\/IMG_3139-768x1024.jpg 768w, https:\/\/pensionmaite.com\/wp-content\/uploads\/2026\/03\/IMG_3139-225x300.jpg 225w, https:\/\/pensionmaite.com\/wp-content\/uploads\/2026\/03\/IMG_3139-scaled.jpg 1920w\" sizes=\"auto, (max-width: 768px) 100vw, 768px\" \/><\/div><\/div><\/div><\/div><div class=\"wpb_column vc_column_container\"><div class=\"vc_column-inner\"><div class=\"w-separator size_small with_line width_default thick_1 style_dashed color_border align_center\"><div class=\"w-separator-h\"><\/div><\/div><div class=\"wpb_text_column\"><div class=\"wpb_wrapper\"><h2>Behe denboraldia<\/h2>\n<\/div><\/div><div class=\"w-separator size_custom with_line width_default thick_1 style_dashed color_border align_center\" style=\"height:30px\"><div class=\"w-separator-h\"><\/div><\/div><div class=\"wpb_text_column\"><div class=\"wpb_wrapper\"><p><span>Urritik maiatzera, biak barne, Aste Santua izan ezik<\/span>.<\/p>\n<\/div><\/div><div class=\"w-separator size_small with_line width_default thick_1 style_dashed color_border align_center\"><div class=\"w-separator-h\"><\/div><\/div><div class=\"g-cols wpb_row via_grid cols_3-1 laptops-cols_inherit tablets-cols_inherit mobiles-cols_1 valign_top type_default stacking_default\" style=\"--columns-gap:3rem;\"><div class=\"wpb_column vc_column_container\"><div class=\"vc_column-inner\"><div class=\"wpb_text_column us_custom_343a6660\"><div class=\"wpb_wrapper\"><p>Banakako logela<\/p>\n<\/div><\/div><div class=\"w-separator size_custom with_line width_default thick_1 style_dashed color_border align_center\" style=\"height:30px\"><div class=\"w-separator-h\"><\/div><\/div><\/div><\/div><div class=\"wpb_column vc_column_container\"><div class=\"vc_column-inner\"><div class=\"wpb_text_column us_custom_b4198c51\"><div class=\"wpb_wrapper\"><p style=\"text-align: right;\"><strong>40\u20ac<\/strong><\/p>\n<\/div><\/div><\/div><\/div><\/div><div class=\"g-cols wpb_row via_grid cols_3-1 laptops-cols_inherit tablets-cols_inherit mobiles-cols_1 valign_top type_default stacking_default\" style=\"--columns-gap:3rem;\"><div class=\"wpb_column vc_column_container\"><div class=\"vc_column-inner\"><div class=\"wpb_text_column us_custom_343a6660\"><div class=\"wpb_wrapper\"><p>Logela bikoitza<\/p>\n<\/div><\/div><div class=\"w-separator size_custom with_line width_default thick_1 style_dashed color_border align_center\" style=\"height:30px\"><div class=\"w-separator-h\"><\/div><\/div><\/div><\/div><div class=\"wpb_column vc_column_container\"><div class=\"vc_column-inner\"><div class=\"wpb_text_column us_custom_b4198c51\"><div class=\"wpb_wrapper\"><p style=\"text-align: right;\"><strong>60\u20ac<\/strong><\/p>\n<\/div><\/div><\/div><\/div><\/div><div class=\"g-cols wpb_row via_grid cols_3-1 laptops-cols_inherit tablets-cols_inherit mobiles-cols_1 valign_top type_default stacking_default\" style=\"--columns-gap:3rem;\"><div class=\"wpb_column vc_column_container\"><div class=\"vc_column-inner\"><div class=\"wpb_text_column us_custom_343a6660\"><div class=\"wpb_wrapper\"><p>Hiruko logela<\/p>\n<\/div><\/div><\/div><\/div><div class=\"wpb_column vc_column_container\"><div class=\"vc_column-inner\"><div class=\"wpb_text_column us_custom_b4198c51\"><div class=\"wpb_wrapper\"><p style=\"text-align: right;\"><strong>75\u20ac<\/strong><\/p>\n<\/div><\/div><\/div><\/div><\/div><\/div><\/div><\/div><\/div><\/section><section class=\"l-section wpb_row us_custom_b95a44f2 height_medium\"><div class=\"l-section-h i-cf\"><div class=\"g-cols vc_row via_grid cols_1-3 laptops-cols_inherit tablets-cols_inherit mobiles-cols_1 valign_top type_default stacking_default\"><div class=\"wpb_column vc_column_container\"><div class=\"vc_column-inner\"><div class=\"w-image align_none\"><div class=\"w-image-h\"><img decoding=\"async\" width=\"768\" height=\"1024\" src=\"https:\/\/pensionmaite.com\/wp-content\/uploads\/2026\/03\/IMG_2974-768x1024.jpg\" class=\"attachment-large size-large\" alt=\"\" loading=\"lazy\" srcset=\"https:\/\/pensionmaite.com\/wp-content\/uploads\/2026\/03\/IMG_2974-768x1024.jpg 768w, https:\/\/pensionmaite.com\/wp-content\/uploads\/2026\/03\/IMG_2974-225x300.jpg 225w, https:\/\/pensionmaite.com\/wp-content\/uploads\/2026\/03\/IMG_2974-scaled.jpg 1920w\" sizes=\"auto, (max-width: 768px) 100vw, 768px\" \/><\/div><\/div><\/div><\/div><div class=\"wpb_column vc_column_container\"><div class=\"vc_column-inner\"><div class=\"w-separator size_small with_line width_default thick_1 style_dashed color_border align_center\"><div class=\"w-separator-h\"><\/div><\/div><div class=\"wpb_text_column\"><div class=\"wpb_wrapper\"><h2>Erdiko denboraldia<\/h2>\n<\/div><\/div><div class=\"w-separator size_custom with_line width_default thick_1 style_dashed color_border align_center\" style=\"height:30px\"><div class=\"w-separator-h\"><\/div><\/div><div class=\"wpb_text_column\"><div class=\"wpb_wrapper\"><p>Ekaina, uztaila, iraila eta Aste Santua.<\/p>\n<\/div><\/div><div class=\"w-separator size_small with_line width_default thick_1 style_dashed color_border align_center\"><div class=\"w-separator-h\"><\/div><\/div><div class=\"g-cols wpb_row via_grid cols_3-1 laptops-cols_inherit tablets-cols_inherit mobiles-cols_1 valign_top type_default stacking_default\" style=\"--columns-gap:3rem;\"><div class=\"wpb_column vc_column_container\"><div class=\"vc_column-inner\"><div class=\"wpb_text_column us_custom_343a6660\"><div class=\"wpb_wrapper\"><p>Banakako logela<\/p>\n<\/div><\/div><div class=\"w-separator size_custom with_line width_default thick_1 style_dashed color_border align_center\" style=\"height:30px\"><div class=\"w-separator-h\"><\/div><\/div><\/div><\/div><div class=\"wpb_column vc_column_container\"><div class=\"vc_column-inner\"><div class=\"wpb_text_column us_custom_b4198c51\"><div class=\"wpb_wrapper\"><p style=\"text-align: right;\"><strong>50\u20ac<\/strong><\/p>\n<\/div><\/div><\/div><\/div><\/div><div class=\"g-cols wpb_row via_grid cols_3-1 laptops-cols_inherit tablets-cols_inherit mobiles-cols_1 valign_top type_default stacking_default\" style=\"--columns-gap:3rem;\"><div class=\"wpb_column vc_column_container\"><div class=\"vc_column-inner\"><div class=\"wpb_text_column us_custom_343a6660\"><div class=\"wpb_wrapper\"><p>Logela bikoitza<\/p>\n<\/div><\/div><div class=\"w-separator size_custom with_line width_default thick_1 style_dashed color_border align_center\" style=\"height:30px\"><div class=\"w-separator-h\"><\/div><\/div><\/div><\/div><div class=\"wpb_column vc_column_container\"><div class=\"vc_column-inner\"><div class=\"wpb_text_column us_custom_b4198c51\"><div class=\"wpb_wrapper\"><p style=\"text-align: right;\"><strong>75\u20ac<\/strong><\/p>\n<\/div><\/div><\/div><\/div><\/div><div class=\"g-cols wpb_row via_grid cols_3-1 laptops-cols_inherit tablets-cols_inherit mobiles-cols_1 valign_top type_default stacking_default\" style=\"--columns-gap:3rem;\"><div class=\"wpb_column vc_column_container\"><div class=\"vc_column-inner\"><div class=\"wpb_text_column us_custom_343a6660\"><div class=\"wpb_wrapper\"><p>Hiruko logela<\/p>\n<\/div><\/div><\/div><\/div><div class=\"wpb_column vc_column_container\"><div class=\"vc_column-inner\"><div class=\"wpb_text_column us_custom_b4198c51\"><div class=\"wpb_wrapper\"><p style=\"text-align: right;\"><strong>85\u20ac<\/strong><\/p>\n<\/div><\/div><\/div><\/div><\/div><\/div><\/div><\/div><\/div><\/section><section class=\"l-section wpb_row height_medium\"><div class=\"l-section-h i-cf\"><div class=\"g-cols vc_row via_grid cols_1-3 laptops-cols_inherit tablets-cols_inherit mobiles-cols_1 valign_top type_default stacking_default\"><div class=\"wpb_column vc_column_container\"><div class=\"vc_column-inner\"><div class=\"w-image align_none\"><div class=\"w-image-h\"><img decoding=\"async\" width=\"768\" height=\"1024\" src=\"https:\/\/pensionmaite.com\/wp-content\/uploads\/2026\/03\/IMG_3124-768x1024.jpg\" class=\"attachment-large size-large\" alt=\"\" loading=\"lazy\" srcset=\"https:\/\/pensionmaite.com\/wp-content\/uploads\/2026\/03\/IMG_3124-768x1024.jpg 768w, https:\/\/pensionmaite.com\/wp-content\/uploads\/2026\/03\/IMG_3124-225x300.jpg 225w, https:\/\/pensionmaite.com\/wp-content\/uploads\/2026\/03\/IMG_3124-scaled.jpg 1920w\" sizes=\"auto, (max-width: 768px) 100vw, 768px\" \/><\/div><\/div><\/div><\/div><div class=\"wpb_column vc_column_container\"><div class=\"vc_column-inner\"><div class=\"w-separator size_small with_line width_default thick_1 style_dashed color_border align_center\"><div class=\"w-separator-h\"><\/div><\/div><div class=\"wpb_text_column\"><div class=\"wpb_wrapper\"><h2>Goi denboraldia<\/h2>\n<\/div><\/div><div class=\"w-separator size_custom with_line width_default thick_1 style_dashed color_border align_center\" style=\"height:30px\"><div class=\"w-separator-h\"><\/div><\/div><div class=\"wpb_text_column\"><div class=\"wpb_wrapper\"><p>Abuztua.<\/p>\n<\/div><\/div><div class=\"w-separator size_small with_line width_default thick_1 style_dashed color_border align_center\"><div class=\"w-separator-h\"><\/div><\/div><div class=\"g-cols wpb_row via_grid cols_3-1 laptops-cols_inherit tablets-cols_inherit mobiles-cols_1 valign_top type_default stacking_default\" style=\"--columns-gap:3rem;\"><div class=\"wpb_column vc_column_container\"><div class=\"vc_column-inner\"><div class=\"wpb_text_column us_custom_343a6660\"><div class=\"wpb_wrapper\"><p>Banakako logela<\/p>\n<\/div><\/div><div class=\"w-separator size_custom with_line width_default thick_1 style_dashed color_border align_center\" style=\"height:30px\"><div class=\"w-separator-h\"><\/div><\/div><\/div><\/div><div class=\"wpb_column vc_column_container\"><div class=\"vc_column-inner\"><div class=\"wpb_text_column us_custom_b4198c51\"><div class=\"wpb_wrapper\"><p style=\"text-align: right;\"><strong>50\u20ac<\/strong><\/p>\n<\/div><\/div><\/div><\/div><\/div><div class=\"g-cols wpb_row via_grid cols_3-1 laptops-cols_inherit tablets-cols_inherit mobiles-cols_1 valign_top type_default stacking_default\" style=\"--columns-gap:3rem;\"><div class=\"wpb_column vc_column_container\"><div class=\"vc_column-inner\"><div class=\"wpb_text_column us_custom_343a6660\"><div class=\"wpb_wrapper\"><p>Logela bikoitza<\/p>\n<\/div><\/div><div class=\"w-separator size_custom with_line width_default thick_1 style_dashed color_border align_center\" style=\"height:30px\"><div class=\"w-separator-h\"><\/div><\/div><\/div><\/div><div class=\"wpb_column vc_column_container\"><div class=\"vc_column-inner\"><div class=\"wpb_text_column us_custom_b4198c51\"><div class=\"wpb_wrapper\"><p style=\"text-align: right;\"><strong>80\u20ac<\/strong><\/p>\n<\/div><\/div><\/div><\/div><\/div><div class=\"g-cols wpb_row via_grid cols_3-1 laptops-cols_inherit tablets-cols_inherit mobiles-cols_1 valign_top type_default stacking_default\" style=\"--columns-gap:3rem;\"><div class=\"wpb_column vc_column_container\"><div class=\"vc_column-inner\"><div class=\"wpb_text_column us_custom_343a6660\"><div class=\"wpb_wrapper\"><p>Hiruko logela<\/p>\n<\/div><\/div><\/div><\/div><div class=\"wpb_column vc_column_container\"><div class=\"vc_column-inner\"><div class=\"wpb_text_column us_custom_b4198c51\"><div class=\"wpb_wrapper\"><p style=\"text-align: right;\"><strong>90\u20ac<\/strong><\/p>\n<\/div><\/div><\/div><\/div><\/div><\/div><\/div><\/div><\/div><\/section>\n","protected":false},"excerpt":{"rendered":"Behe denboraldia Urritik maiatzera, biak barne, Aste Santua izan ezik. Banakako logela 40\u20ac Logela bikoitza 60\u20ac Hiruko logela 75\u20ac Erdiko denboraldia Ekaina, uztaila, iraila eta Aste Santua. Banakako logela 50\u20ac Logela bikoitza 75\u20ac Hiruko logela 85\u20ac Goi denboraldia Abuztua. Banakako logela 50\u20ac Logela bikoitza 80\u20ac Hiruko logela 90\u20ac","protected":false},"author":2,"featured_media":2418,"parent":0,"menu_order":0,"comment_status":"closed","ping_status":"closed","template":"","meta":{"footnotes":""},"class_list":["post-2465","page","type-page","status-publish","has-post-thumbnail","hentry"],"yoast_head":"<!-- This site is optimized with the Yoast SEO plugin v27.0 - https:\/\/yoast.com\/product\/yoast-seo-wordpress\/ -->\n<title>Tarifak - Pension Maite San Sebast\u00edan<\/title>\n<meta name=\"robots\" content=\"index, follow, max-snippet:-1, max-image-preview:large, max-video-preview:-1\" \/>\n<link rel=\"canonical\" href=\"https:\/\/pensionmaite.com\/eu\/tarifas\/\" \/>\n<meta property=\"og:locale\" content=\"eu_ES\" \/>\n<meta property=\"og:type\" content=\"article\" \/>\n<meta property=\"og:title\" content=\"Tarifak - Pension Maite San Sebast\u00edan\" \/>\n<meta property=\"og:url\" content=\"https:\/\/pensionmaite.com\/eu\/tarifas\/\" \/>\n<meta property=\"og:site_name\" content=\"Pension Maite San Sebast\u00edan\" \/>\n<meta property=\"article:modified_time\" content=\"2026-03-11T11:03:33+00:00\" \/>\n<meta property=\"og:image\" content=\"https:\/\/pensionmaite.com\/wp-content\/uploads\/2026\/03\/IMG_3028-scaled.jpg\" \/>\n\t<meta property=\"og:image:width\" content=\"2560\" \/>\n\t<meta property=\"og:image:height\" content=\"1920\" \/>\n\t<meta property=\"og:image:type\" content=\"image\/jpeg\" \/>\n<meta name=\"twitter:card\" content=\"summary_large_image\" \/>\n<meta name=\"twitter:label1\" content=\"Est. reading time\" \/>\n\t<meta name=\"twitter:data1\" content=\"2 minutes\" \/>\n<script type=\"application\/ld+json\" class=\"yoast-schema-graph\">{\"@context\":\"https:\/\/schema.org\",\"@graph\":[{\"@type\":\"WebPage\",\"@id\":\"https:\/\/pensionmaite.com\/eu\/tarifas\/\",\"url\":\"https:\/\/pensionmaite.com\/eu\/tarifas\/\",\"name\":\"Tarifak - Pension Maite San Sebast\u00edan\",\"isPartOf\":{\"@id\":\"https:\/\/pensionmaite.com\/#website\"},\"primaryImageOfPage\":{\"@id\":\"https:\/\/pensionmaite.com\/eu\/tarifas\/#primaryimage\"},\"image\":{\"@id\":\"https:\/\/pensionmaite.com\/eu\/tarifas\/#primaryimage\"},\"thumbnailUrl\":\"https:\/\/pensionmaite.com\/wp-content\/uploads\/2026\/03\/IMG_3028-scaled.jpg\",\"datePublished\":\"2016-02-15T14:59:19+00:00\",\"dateModified\":\"2026-03-11T11:03:33+00:00\",\"breadcrumb\":{\"@id\":\"https:\/\/pensionmaite.com\/eu\/tarifas\/#breadcrumb\"},\"inLanguage\":\"eu-ES\",\"potentialAction\":[{\"@type\":\"ReadAction\",\"target\":[\"https:\/\/pensionmaite.com\/eu\/tarifas\/\"]}]},{\"@type\":\"ImageObject\",\"inLanguage\":\"eu-ES\",\"@id\":\"https:\/\/pensionmaite.com\/eu\/tarifas\/#primaryimage\",\"url\":\"https:\/\/pensionmaite.com\/wp-content\/uploads\/2026\/03\/IMG_3028-scaled.jpg\",\"contentUrl\":\"https:\/\/pensionmaite.com\/wp-content\/uploads\/2026\/03\/IMG_3028-scaled.jpg\",\"width\":2560,\"height\":1920},{\"@type\":\"BreadcrumbList\",\"@id\":\"https:\/\/pensionmaite.com\/eu\/tarifas\/#breadcrumb\",\"itemListElement\":[{\"@type\":\"ListItem\",\"position\":1,\"name\":\"Portada\",\"item\":\"https:\/\/pensionmaite.com\/eu\/\"},{\"@type\":\"ListItem\",\"position\":2,\"name\":\"Tarifak\"}]},{\"@type\":\"WebSite\",\"@id\":\"https:\/\/pensionmaite.com\/#website\",\"url\":\"https:\/\/pensionmaite.com\/\",\"name\":\"Pension Maite San Sebast\u00edan\",\"description\":\"Pensi\u00f3n en el barrio de Amara (San Sebast\u00edan)\",\"potentialAction\":[{\"@type\":\"SearchAction\",\"target\":{\"@type\":\"EntryPoint\",\"urlTemplate\":\"https:\/\/pensionmaite.com\/?s={search_term_string}\"},\"query-input\":{\"@type\":\"PropertyValueSpecification\",\"valueRequired\":true,\"valueName\":\"search_term_string\"}}],\"inLanguage\":\"eu-ES\"}]}<\/script>\n<!-- \/ Yoast SEO plugin. -->","yoast_head_json":{"title":"Tarifak - Pension Maite San Sebast\u00edan","robots":{"index":"index","follow":"follow","max-snippet":"max-snippet:-1","max-image-preview":"max-image-preview:large","max-video-preview":"max-video-preview:-1"},"canonical":"https:\/\/pensionmaite.com\/eu\/tarifas\/","og_locale":"eu_ES","og_type":"article","og_title":"Tarifak - Pension Maite San Sebast\u00edan","og_url":"https:\/\/pensionmaite.com\/eu\/tarifas\/","og_site_name":"Pension Maite San Sebast\u00edan","article_modified_time":"2026-03-11T11:03:33+00:00","og_image":[{"width":2560,"height":1920,"url":"https:\/\/pensionmaite.com\/wp-content\/uploads\/2026\/03\/IMG_3028-scaled.jpg","type":"image\/jpeg"}],"twitter_card":"summary_large_image","twitter_misc":{"Est. reading time":"2 minutes"},"schema":{"@context":"https:\/\/schema.org","@graph":[{"@type":"WebPage","@id":"https:\/\/pensionmaite.com\/eu\/tarifas\/","url":"https:\/\/pensionmaite.com\/eu\/tarifas\/","name":"Tarifak - Pension Maite San Sebast\u00edan","isPartOf":{"@id":"https:\/\/pensionmaite.com\/#website"},"primaryImageOfPage":{"@id":"https:\/\/pensionmaite.com\/eu\/tarifas\/#primaryimage"},"image":{"@id":"https:\/\/pensionmaite.com\/eu\/tarifas\/#primaryimage"},"thumbnailUrl":"https:\/\/pensionmaite.com\/wp-content\/uploads\/2026\/03\/IMG_3028-scaled.jpg","datePublished":"2016-02-15T14:59:19+00:00","dateModified":"2026-03-11T11:03:33+00:00","breadcrumb":{"@id":"https:\/\/pensionmaite.com\/eu\/tarifas\/#breadcrumb"},"inLanguage":"eu-ES","potentialAction":[{"@type":"ReadAction","target":["https:\/\/pensionmaite.com\/eu\/tarifas\/"]}]},{"@type":"ImageObject","inLanguage":"eu-ES","@id":"https:\/\/pensionmaite.com\/eu\/tarifas\/#primaryimage","url":"https:\/\/pensionmaite.com\/wp-content\/uploads\/2026\/03\/IMG_3028-scaled.jpg","contentUrl":"https:\/\/pensionmaite.com\/wp-content\/uploads\/2026\/03\/IMG_3028-scaled.jpg","width":2560,"height":1920},{"@type":"BreadcrumbList","@id":"https:\/\/pensionmaite.com\/eu\/tarifas\/#breadcrumb","itemListElement":[{"@type":"ListItem","position":1,"name":"Portada","item":"https:\/\/pensionmaite.com\/eu\/"},{"@type":"ListItem","position":2,"name":"Tarifak"}]},{"@type":"WebSite","@id":"https:\/\/pensionmaite.com\/#website","url":"https:\/\/pensionmaite.com\/","name":"Pension Maite San Sebast\u00edan","description":"Pensi\u00f3n en el barrio de Amara (San Sebast\u00edan)","potentialAction":[{"@type":"SearchAction","target":{"@type":"EntryPoint","urlTemplate":"https:\/\/pensionmaite.com\/?s={search_term_string}"},"query-input":{"@type":"PropertyValueSpecification","valueRequired":true,"valueName":"search_term_string"}}],"inLanguage":"eu-ES"}]}},"_links":{"self":[{"href":"https:\/\/pensionmaite.com\/eu\/wp-json\/wp\/v2\/pages\/2465","targetHints":{"allow":["GET"]}}],"collection":[{"href":"https:\/\/pensionmaite.com\/eu\/wp-json\/wp\/v2\/pages"}],"about":[{"href":"https:\/\/pensionmaite.com\/eu\/wp-json\/wp\/v2\/types\/page"}],"author":[{"embeddable":true,"href":"https:\/\/pensionmaite.com\/eu\/wp-json\/wp\/v2\/users\/2"}],"replies":[{"embeddable":true,"href":"https:\/\/pensionmaite.com\/eu\/wp-json\/wp\/v2\/comments?post=2465"}],"version-history":[{"count":2,"href":"https:\/\/pensionmaite.com\/eu\/wp-json\/wp\/v2\/pages\/2465\/revisions"}],"predecessor-version":[{"id":2482,"href":"https:\/\/pensionmaite.com\/eu\/wp-json\/wp\/v2\/pages\/2465\/revisions\/2482"}],"wp:featuredmedia":[{"embeddable":true,"href":"https:\/\/pensionmaite.com\/eu\/wp-json\/wp\/v2\/media\/2418"}],"wp:attachment":[{"href":"https:\/\/pensionmaite.com\/eu\/wp-json\/wp\/v2\/media?parent=2465"}],"curies":[{"name":"wp","href":"https:\/\/api.w.org\/{rel}","templated":true}]}}