{"id":2469,"date":"2016-02-15T15:56:36","date_gmt":"2016-02-15T14:56:36","guid":{"rendered":"https:\/\/pensionmaite.com\/localizacion\/"},"modified":"2026-03-11T11:53:01","modified_gmt":"2026-03-11T10:53:01","slug":"localizacion","status":"publish","type":"page","link":"https:\/\/pensionmaite.com\/eu\/localizacion\/","title":{"rendered":"Kokapena"},"content":{"rendered":"<section class=\"l-section wpb_row height_large\"><div class=\"l-section-h i-cf\"><div class=\"g-cols vc_row via_grid cols_2 laptops-cols_inherit tablets-cols_inherit mobiles-cols_1 valign_top type_default stacking_default\"><div class=\"wpb_column vc_column_container\"><div class=\"vc_column-inner\"><div class=\"w-separator size_large\"><\/div><div class=\"wpb_text_column\"><div class=\"wpb_wrapper\"><h2>Dena eskura<\/h2>\n<p>Ezin hobeto komunikatuta dago, DBUS eta Euskotren geltokien ondoan, Atotxako geltokitik 15 minutura eta Donostia-Hondarribiko aireportutik (EAS) 25 minutura autoz.<\/p>\n<p><b>Autobus geltokia atean bertan<\/b> dugu, eta tren geltokia minutu batera.<\/p>\n<p>Hiriko edozein tokitara oinez joan ahal izango zara.<\/p>\n<\/div><\/div><\/div><\/div><div class=\"wpb_column vc_column_container\"><div class=\"vc_column-inner\"><div class=\"w-html\"><iframe src=\"https:\/\/www.google.com\/maps\/embed?pb=!1m18!1m12!1m3!1d1514019.7017030916!2d-5.13816222499999!3d42.17018999997561!2m3!1f0!2f0!3f0!3m2!1i1024!2i768!4f13.1!3m3!1m2!1s0xd51aff1ce3d2f05%3A0xe839835a679aa0a4!2sPensi%C3%B3n%20Maite!5e0!3m2!1ses!2ses!4v1772455592867!5m2!1ses!2ses\" width=\"100%\" height=\"450\" style=\"border:0;\" allowfullscreen=\"\" loading=\"lazy\" referrerpolicy=\"no-referrer-when-downgrade\"><\/iframe><\/div><\/div><\/div><\/div><\/div><\/section><section class=\"l-section wpb_row height_auto width_full color_primary\"><div class=\"l-section-h i-cf\"><div class=\"g-cols vc_row via_grid cols_3 laptops-cols_inherit tablets-cols_inherit mobiles-cols_1 valign_middle type_boxes stacking_default\" style=\"--columns-gap:0rem;\"><div class=\"wpb_column vc_column_container us_custom_51b495fd has_bg_color\"><div class=\"vc_column-overlay\" style=\"background:rgba(46,41,37,0.50)\"><\/div><div class=\"vc_column-inner\"><div class=\"w-iconbox us_custom_a696b7b3 iconpos_top style_default color_contrast align_center no_text\"><div class=\"w-iconbox-icon\" style=\"font-size:2rem;\"><i class=\"fas fa-futbol\"><\/i><\/div><div class=\"w-iconbox-meta\"><h3 class=\"w-iconbox-title\">Anoeta<\/h3><\/div><\/div><div class=\"w-separator size_small with_line width_30 thick_3 style_solid color_border align_center\"><div class=\"w-separator-h\"><\/div><\/div>[vc_custom_heading text=&#8221;350 metro \u2013<br \/>\n2 minutu oinez&#8221; font_container=&#8221;tag:h4|text_align:center|line_height:1&#8243; google_fonts=&#8221;font_family:Satisfy%3Aregular|font_style:400%20regular%3A400%3Anormal&#8221;]<\/div><\/div><div class=\"wpb_column vc_column_container us_custom_5f88c54d has_bg_color\"><div class=\"vc_column-overlay\" style=\"background:rgba(46,41,37,0.50)\"><\/div><div class=\"vc_column-inner\"><div class=\"w-iconbox iconpos_top style_default color_contrast align_center no_text\"><div class=\"w-iconbox-icon\" style=\"font-size:2rem;\"><i class=\"fas fa-umbrella-beach\"><\/i><\/div><div class=\"w-iconbox-meta\"><h3 class=\"w-iconbox-title\">La Concha hondartza<\/h3><\/div><\/div><div class=\"w-separator size_small with_line width_30 thick_3 style_solid color_border align_center\"><div class=\"w-separator-h\"><\/div><\/div>[vc_custom_heading text=&#8221;2 km.<br \/>\n25 minutu oinez<br \/>\n11 minutu garraio publikoan&#8221; font_container=&#8221;tag:h4|text_align:center|line_height:1&#8243; google_fonts=&#8221;font_family:Satisfy%3Aregular|font_style:400%20regular%3A400%3Anormal&#8221;]<\/div><\/div><div class=\"wpb_column vc_column_container us_custom_054cd534 has_bg_color\"><div class=\"vc_column-overlay\" style=\"background:rgba(46,41,37,0.50)\"><\/div><div class=\"vc_column-inner\"><div class=\"w-iconbox iconpos_top style_default color_contrast align_center no_text\"><div class=\"w-iconbox-icon\" style=\"font-size:2rem;\"><i class=\"fas fa-chalkboard-teacher\"><\/i><\/div><div class=\"w-iconbox-meta\"><h3 class=\"w-iconbox-title\">Kursaal<\/h3><\/div><\/div><div class=\"w-separator size_small with_line width_30 thick_3 style_solid color_border align_center\"><div class=\"w-separator-h\"><\/div><\/div>[vc_custom_heading text=&#8221;2,5 km.<br \/>\n30 minutu oinez<br \/>\n15 minutu garraio publikoan&#8221; font_container=&#8221;tag:h4|text_align:center|line_height:1&#8243; google_fonts=&#8221;font_family:Satisfy%3Aregular|font_style:400%20regular%3A400%3Anormal&#8221;]<\/div><\/div><\/div><\/div><\/section>\n","protected":false},"excerpt":{"rendered":"Dena eskura Ezin hobeto komunikatuta dago, DBUS eta Euskotren geltokien ondoan, Atotxako geltokitik 15 minutura eta Donostia-Hondarribiko aireportutik (EAS) 25 minutura autoz. Autobus geltokia atean bertan dugu, eta tren geltokia minutu batera. Hiriko edozein tokitara oinez joan ahal izango zara. Anoeta[vc_custom_heading text=\"350 metro \u2013 2 minutu oinez\" font_container=\"tag:h4|text_align:center|line_height:1\" google_fonts=\"font_family:Satisfy%3Aregular|font_style:400%20regular%3A400%3Anormal\"]La Concha hondartza[vc_custom_heading text=\"2 km. 25 minutu...","protected":false},"author":2,"featured_media":2400,"parent":0,"menu_order":0,"comment_status":"closed","ping_status":"closed","template":"","meta":{"footnotes":""},"class_list":["post-2469","page","type-page","status-publish","has-post-thumbnail","hentry"],"yoast_head":"<!-- This site is optimized with the Yoast SEO plugin v27.0 - https:\/\/yoast.com\/product\/yoast-seo-wordpress\/ -->\n<title>Alojamiento cerca de Anoeta - Pension Maite San Sebast\u00edan<\/title>\n<meta name=\"description\" content=\"Estamos a un paso de todo. A 350 metros del estadio de Anoeta, a 25 minutos a pie de La Concha. Tenemos transporte p\u00fablico en la puerta\" \/>\n<meta name=\"robots\" content=\"index, follow, max-snippet:-1, max-image-preview:large, max-video-preview:-1\" \/>\n<link rel=\"canonical\" href=\"https:\/\/pensionmaite.com\/eu\/localizacion\/\" \/>\n<meta property=\"og:locale\" content=\"eu_ES\" \/>\n<meta property=\"og:type\" content=\"article\" \/>\n<meta property=\"og:title\" content=\"Alojamiento cerca de Anoeta - Pension Maite San Sebast\u00edan\" \/>\n<meta property=\"og:description\" content=\"Estamos a un paso de todo. A 350 metros del estadio de Anoeta, a 25 minutos a pie de La Concha. Tenemos transporte p\u00fablico en la puerta\" \/>\n<meta property=\"og:url\" content=\"https:\/\/pensionmaite.com\/eu\/localizacion\/\" \/>\n<meta property=\"og:site_name\" content=\"Pension Maite San Sebast\u00edan\" \/>\n<meta property=\"article:modified_time\" content=\"2026-03-11T10:53:01+00:00\" \/>\n<meta property=\"og:image\" content=\"https:\/\/pensionmaite.com\/wp-content\/uploads\/2026\/03\/images-18.jpeg\" \/>\n\t<meta property=\"og:image:width\" content=\"480\" \/>\n\t<meta property=\"og:image:height\" content=\"640\" \/>\n\t<meta property=\"og:image:type\" content=\"image\/jpeg\" \/>\n<meta name=\"twitter:card\" content=\"summary_large_image\" \/>\n<meta name=\"twitter:label1\" content=\"Est. reading time\" \/>\n\t<meta name=\"twitter:data1\" content=\"1 minute\" \/>\n<script type=\"application\/ld+json\" class=\"yoast-schema-graph\">{\"@context\":\"https:\/\/schema.org\",\"@graph\":[{\"@type\":\"WebPage\",\"@id\":\"https:\/\/pensionmaite.com\/eu\/localizacion\/\",\"url\":\"https:\/\/pensionmaite.com\/eu\/localizacion\/\",\"name\":\"Alojamiento cerca de Anoeta - Pension Maite San Sebast\u00edan\",\"isPartOf\":{\"@id\":\"https:\/\/pensionmaite.com\/#website\"},\"primaryImageOfPage\":{\"@id\":\"https:\/\/pensionmaite.com\/eu\/localizacion\/#primaryimage\"},\"image\":{\"@id\":\"https:\/\/pensionmaite.com\/eu\/localizacion\/#primaryimage\"},\"thumbnailUrl\":\"https:\/\/pensionmaite.com\/wp-content\/uploads\/2026\/03\/images-18.jpeg\",\"datePublished\":\"2016-02-15T14:56:36+00:00\",\"dateModified\":\"2026-03-11T10:53:01+00:00\",\"description\":\"Estamos a un paso de todo. A 350 metros del estadio de Anoeta, a 25 minutos a pie de La Concha. Tenemos transporte p\u00fablico en la puerta\",\"breadcrumb\":{\"@id\":\"https:\/\/pensionmaite.com\/eu\/localizacion\/#breadcrumb\"},\"inLanguage\":\"eu-ES\",\"potentialAction\":[{\"@type\":\"ReadAction\",\"target\":[\"https:\/\/pensionmaite.com\/eu\/localizacion\/\"]}]},{\"@type\":\"ImageObject\",\"inLanguage\":\"eu-ES\",\"@id\":\"https:\/\/pensionmaite.com\/eu\/localizacion\/#primaryimage\",\"url\":\"https:\/\/pensionmaite.com\/wp-content\/uploads\/2026\/03\/images-18.jpeg\",\"contentUrl\":\"https:\/\/pensionmaite.com\/wp-content\/uploads\/2026\/03\/images-18.jpeg\",\"width\":480,\"height\":640},{\"@type\":\"BreadcrumbList\",\"@id\":\"https:\/\/pensionmaite.com\/eu\/localizacion\/#breadcrumb\",\"itemListElement\":[{\"@type\":\"ListItem\",\"position\":1,\"name\":\"Portada\",\"item\":\"https:\/\/pensionmaite.com\/eu\/\"},{\"@type\":\"ListItem\",\"position\":2,\"name\":\"Kokapena\"}]},{\"@type\":\"WebSite\",\"@id\":\"https:\/\/pensionmaite.com\/#website\",\"url\":\"https:\/\/pensionmaite.com\/\",\"name\":\"Pension Maite San Sebast\u00edan\",\"description\":\"Pensi\u00f3n en el barrio de Amara (San Sebast\u00edan)\",\"potentialAction\":[{\"@type\":\"SearchAction\",\"target\":{\"@type\":\"EntryPoint\",\"urlTemplate\":\"https:\/\/pensionmaite.com\/?s={search_term_string}\"},\"query-input\":{\"@type\":\"PropertyValueSpecification\",\"valueRequired\":true,\"valueName\":\"search_term_string\"}}],\"inLanguage\":\"eu-ES\"}]}<\/script>\n<!-- \/ Yoast SEO plugin. -->","yoast_head_json":{"title":"Alojamiento cerca de Anoeta - Pension Maite San Sebast\u00edan","description":"Estamos a un paso de todo. A 350 metros del estadio de Anoeta, a 25 minutos a pie de La Concha. Tenemos transporte p\u00fablico en la puerta","robots":{"index":"index","follow":"follow","max-snippet":"max-snippet:-1","max-image-preview":"max-image-preview:large","max-video-preview":"max-video-preview:-1"},"canonical":"https:\/\/pensionmaite.com\/eu\/localizacion\/","og_locale":"eu_ES","og_type":"article","og_title":"Alojamiento cerca de Anoeta - Pension Maite San Sebast\u00edan","og_description":"Estamos a un paso de todo. A 350 metros del estadio de Anoeta, a 25 minutos a pie de La Concha. Tenemos transporte p\u00fablico en la puerta","og_url":"https:\/\/pensionmaite.com\/eu\/localizacion\/","og_site_name":"Pension Maite San Sebast\u00edan","article_modified_time":"2026-03-11T10:53:01+00:00","og_image":[{"width":480,"height":640,"url":"https:\/\/pensionmaite.com\/wp-content\/uploads\/2026\/03\/images-18.jpeg","type":"image\/jpeg"}],"twitter_card":"summary_large_image","twitter_misc":{"Est. reading time":"1 minute"},"schema":{"@context":"https:\/\/schema.org","@graph":[{"@type":"WebPage","@id":"https:\/\/pensionmaite.com\/eu\/localizacion\/","url":"https:\/\/pensionmaite.com\/eu\/localizacion\/","name":"Alojamiento cerca de Anoeta - Pension Maite San Sebast\u00edan","isPartOf":{"@id":"https:\/\/pensionmaite.com\/#website"},"primaryImageOfPage":{"@id":"https:\/\/pensionmaite.com\/eu\/localizacion\/#primaryimage"},"image":{"@id":"https:\/\/pensionmaite.com\/eu\/localizacion\/#primaryimage"},"thumbnailUrl":"https:\/\/pensionmaite.com\/wp-content\/uploads\/2026\/03\/images-18.jpeg","datePublished":"2016-02-15T14:56:36+00:00","dateModified":"2026-03-11T10:53:01+00:00","description":"Estamos a un paso de todo. A 350 metros del estadio de Anoeta, a 25 minutos a pie de La Concha. Tenemos transporte p\u00fablico en la puerta","breadcrumb":{"@id":"https:\/\/pensionmaite.com\/eu\/localizacion\/#breadcrumb"},"inLanguage":"eu-ES","potentialAction":[{"@type":"ReadAction","target":["https:\/\/pensionmaite.com\/eu\/localizacion\/"]}]},{"@type":"ImageObject","inLanguage":"eu-ES","@id":"https:\/\/pensionmaite.com\/eu\/localizacion\/#primaryimage","url":"https:\/\/pensionmaite.com\/wp-content\/uploads\/2026\/03\/images-18.jpeg","contentUrl":"https:\/\/pensionmaite.com\/wp-content\/uploads\/2026\/03\/images-18.jpeg","width":480,"height":640},{"@type":"BreadcrumbList","@id":"https:\/\/pensionmaite.com\/eu\/localizacion\/#breadcrumb","itemListElement":[{"@type":"ListItem","position":1,"name":"Portada","item":"https:\/\/pensionmaite.com\/eu\/"},{"@type":"ListItem","position":2,"name":"Kokapena"}]},{"@type":"WebSite","@id":"https:\/\/pensionmaite.com\/#website","url":"https:\/\/pensionmaite.com\/","name":"Pension Maite San Sebast\u00edan","description":"Pensi\u00f3n en el barrio de Amara (San Sebast\u00edan)","potentialAction":[{"@type":"SearchAction","target":{"@type":"EntryPoint","urlTemplate":"https:\/\/pensionmaite.com\/?s={search_term_string}"},"query-input":{"@type":"PropertyValueSpecification","valueRequired":true,"valueName":"search_term_string"}}],"inLanguage":"eu-ES"}]}},"_links":{"self":[{"href":"https:\/\/pensionmaite.com\/eu\/wp-json\/wp\/v2\/pages\/2469","targetHints":{"allow":["GET"]}}],"collection":[{"href":"https:\/\/pensionmaite.com\/eu\/wp-json\/wp\/v2\/pages"}],"about":[{"href":"https:\/\/pensionmaite.com\/eu\/wp-json\/wp\/v2\/types\/page"}],"author":[{"embeddable":true,"href":"https:\/\/pensionmaite.com\/eu\/wp-json\/wp\/v2\/users\/2"}],"replies":[{"embeddable":true,"href":"https:\/\/pensionmaite.com\/eu\/wp-json\/wp\/v2\/comments?post=2469"}],"version-history":[{"count":1,"href":"https:\/\/pensionmaite.com\/eu\/wp-json\/wp\/v2\/pages\/2469\/revisions"}],"predecessor-version":[{"id":2473,"href":"https:\/\/pensionmaite.com\/eu\/wp-json\/wp\/v2\/pages\/2469\/revisions\/2473"}],"wp:featuredmedia":[{"embeddable":true,"href":"https:\/\/pensionmaite.com\/eu\/wp-json\/wp\/v2\/media\/2400"}],"wp:attachment":[{"href":"https:\/\/pensionmaite.com\/eu\/wp-json\/wp\/v2\/media?parent=2469"}],"curies":[{"name":"wp","href":"https:\/\/api.w.org\/{rel}","templated":true}]}}