{"id":2476,"date":"2016-02-15T16:00:07","date_gmt":"2016-02-15T15:00:07","guid":{"rendered":"https:\/\/pensionmaite.com\/contacto\/"},"modified":"2026-03-13T07:24:22","modified_gmt":"2026-03-13T06:24:22","slug":"contacto","status":"publish","type":"page","link":"https:\/\/pensionmaite.com\/eu\/contacto\/","title":{"rendered":"Harremanetarako"},"content":{"rendered":"<section class=\"l-section wpb_row height_medium\"><div class=\"l-section-h i-cf\"><div class=\"g-cols vc_row via_grid cols_2 laptops-cols_inherit tablets-cols_inherit mobiles-cols_1 valign_top type_default stacking_default\" style=\"--columns-gap:58px;\"><div class=\"wpb_column vc_column_container\"><div class=\"vc_column-inner\"><div class=\"w-iconbox us_custom_0bf118f5 iconpos_left style_default color_primary align_left no_text\"><div class=\"w-iconbox-icon\" style=\"font-size:2rem;\"><i class=\"material-icons\">location_on<\/i><\/div><div class=\"w-iconbox-meta\"><div class=\"w-iconbox-title\">Madrid Etorbidea 19, 1. entresuelo B<br \/>\n20011 Donostia \u2013 San Sebasti\u00e1n<\/div><\/div><\/div><div class=\"w-separator size_small\"><\/div><div class=\"w-iconbox us_custom_0bf118f5 iconpos_left style_default color_primary align_left no_text\"><div class=\"w-iconbox-icon\" style=\"font-size:2rem;\"><i class=\"material-icons\">phone<\/i><\/div><div class=\"w-iconbox-meta\"><div class=\"w-iconbox-title\">(+34) 943 470 715<\/div><\/div><\/div><div class=\"w-separator size_small\"><\/div><div class=\"w-iconbox us_custom_0bf118f5 iconpos_left style_default color_primary align_left no_text\"><div class=\"w-iconbox-icon\" style=\"font-size:2rem;\"><i class=\"fab fa-whatsapp\"><\/i><\/div><div class=\"w-iconbox-meta\"><div class=\"w-iconbox-title\">(+34) 943 470 715<\/div><\/div><\/div><div class=\"w-separator size_small\"><\/div><div class=\"w-iconbox iconpos_left style_default color_primary align_left\"><div class=\"w-iconbox-icon\" style=\"font-size:2rem;\"><i class=\"material-icons\">access_time<\/i><\/div><div class=\"w-iconbox-meta\"><div class=\"w-iconbox-title\" style=\"font-size:1.1rem;\">Ordutegia:<\/div><div class=\"w-iconbox-text\"><p><span>9:30h &#8211; 14:00h<\/span><br \/>\n<span>16:30h &#8211; 21:30h<\/span><\/p>\n<\/div><\/div><\/div><div class=\"w-separator size_medium\"><\/div><div class=\"w-html\"><iframe src=\"https:\/\/www.google.com\/maps\/embed?pb=!1m18!1m12!1m3!1d2903.5096761655795!2d-1.978032822692283!3d43.30358897497075!2m3!1f0!2f0!3f0!3m2!1i1024!2i768!4f13.1!3m3!1m2!1s0xd51aff1ce3d2f05%3A0xe839835a679aa0a4!2sPensi%C3%B3n%20Maite!5e0!3m2!1ses!2ses!4v1772448591936!5m2!1ses!2ses\" width=\"600\" height=\"500\" style=\"border:0;\" allowfullscreen=\"\" loading=\"lazy\" referrerpolicy=\"no-referrer-when-downgrade\"><\/iframe><\/div><\/div><\/div><div class=\"wpb_column vc_column_container\"><div class=\"vc_column-inner\"><div class=\"wpb_text_column\"><div class=\"wpb_wrapper\"><p><strong>Harremanetarako formularioa<\/strong><\/p>\n<p>Zalantzarik edo kontsultarik baduzu, bete hurrengo formularioa eta ahalik eta lasterren erantzungo dizugu.<\/p>\n<\/div><\/div><div class=\"w-separator size_medium\"><\/div><form class=\"w-form  us-field-style_1 layout_ver show_message_after_sending for_cform us_form_1\" action=\"https:\/\/pensionmaite.com\/eu\/wp-json\/wp\/v2\/pages\/2476\" method=\"post\"><div class=\"w-form-h\"><div class=\"w-form-row for_text required with_icon\">\r\n\t\t<div class=\"w-form-row-field\">\r\n\t\t\t\t<i class=\"material-icons\">person<\/i>\t\t<input aria-label=\"Izena eta abizenak\" type=\"text\" name=\"us_form_1_text_1\" value placeholder=\"Izena eta abizenak *\" data-required=\"true\" aria-required=\"true\"\/>\r\n\t\t\t<\/div>\r\n\t\t<div class=\"w-form-row-state\">Fill out this field<\/div>\r\n<\/div>\r\n<div class=\"w-form-row for_email required with_icon\">\r\n\t\t<div class=\"w-form-row-field\">\r\n\t\t\t\t<i class=\"fas fa-envelope\"><\/i>\t\t<input aria-label=\"Emaila\" type=\"email\" name=\"us_form_1_email_1\" value placeholder=\"Emaila *\" data-required=\"true\" aria-required=\"true\"\/>\r\n\t\t\t<\/div>\r\n\t\t<div class=\"w-form-row-state\">Please enter a valid email address.<\/div>\r\n<\/div>\r\n<div class=\"w-form-row for_text required with_icon\">\r\n\t\t<div class=\"w-form-row-field\">\r\n\t\t\t\t<i class=\"material-icons\">phone<\/i>\t\t<input aria-label=\"Telefonoa\" inputmode=\"tel\" type=\"text\" name=\"us_form_1_text_2\" value placeholder=\"Telefonoa *\" data-required=\"true\" aria-required=\"true\"\/>\r\n\t\t\t<\/div>\r\n\t\t<div class=\"w-form-row-state\">Fill out this field<\/div>\r\n<\/div>\r\n<div class=\"w-form-row for_date with_icon cols_2\">\r\n\t\t<div class=\"w-form-row-field\">\r\n\t\t\t\t<i class=\"material-icons\">calendar_today<\/i>\t\t<input type=\"text\" name=\"us_form_1_date_1\" value inputmode=\"none\" data-date-format=\"d MM, D\" aria-label=\"Iritsiera-data\" placeholder=\"Iritsiera-data\"\/>\r\n\t\t\t<\/div>\r\n\t\t<div class=\"w-form-row-state\">Fill out this field<\/div>\r\n<\/div>\r\n<div class=\"w-form-row for_date with_icon cols_2\">\r\n\t\t<div class=\"w-form-row-field\">\r\n\t\t\t\t<i class=\"fas fa-calendar\"><\/i>\t\t<input type=\"text\" name=\"us_form_1_date_2\" value inputmode=\"none\" data-date-format=\"d MM yy\" aria-label=\"Irteera-data\" placeholder=\"Irteera-data\"\/>\r\n\t\t\t<\/div>\r\n\t\t<div class=\"w-form-row-state\">Fill out this field<\/div>\r\n<\/div>\r\n<div class=\"w-form-row for_text with_icon\">\r\n\t\t<div class=\"w-form-row-field\">\r\n\t\t\t\t<i class=\"fas fa-users\"><\/i>\t\t<input aria-label=\"Pertsona kopurua\" inputmode=\"numeric\" type=\"text\" name=\"us_form_1_text_3\" value placeholder=\"Pertsona kopurua\"\/>\r\n\t\t\t<\/div>\r\n\t\t<div class=\"w-form-row-state\">Fill out this field<\/div>\r\n<\/div>\r\n<div class=\"w-form-row for_select has_label with_icon\">\r\n\t\t\t<div class=\"w-form-row-label\">\r\n\t\t\t<span>Logela mota<\/span>\r\n\t\t<\/div>\r\n\t\t<div class=\"w-form-row-field\">\r\n\t\t\t\t<i class=\"fas fa-bed\"><\/i>\t\t<select aria-label=\"Logela mota\" name=\"us_form_1_select_1\">\r\n\t\t\t<option value=\"Banakako logela\">Banakako logela<\/option><option value=\"Logela bikoitza (ezkontza-ohea)\">Logela bikoitza (ezkontza-ohea)<\/option><option value=\"Logela bikoitza (bi ohe)\">Logela bikoitza (bi ohe)<\/option><option value=\"Hiruko logela\">Hiruko logela<\/option>\t\t<\/select>\r\n\t\t\t<\/div>\r\n\t\t<div class=\"w-form-row-state\">Select an option<\/div>\r\n<\/div>\r\n<div class=\"w-form-row for_textarea required with_icon\">\r\n\t\t<div class=\"w-form-row-field\">\r\n\t\t\t\t<i class=\"material-icons\">create<\/i>\t\t<textarea aria-label=\"Kontsulta\" name=\"us_form_1_textarea_1\" placeholder=\"Kontsulta *\" data-required=\"true\" aria-required=\"true\"><\/textarea>\r\n\t\t\t<\/div>\r\n\t\t<div class=\"w-form-row-state\">Fill out this field<\/div>\r\n<\/div>\r\n<div class=\"w-form-row for_captcha required\">\r\n\t<div class=\"w-form-row-label\">\r\n\t\t<span> <span>17 - 10 = ?<\/span><\/span>\r\n\t<\/div>\r\n\t<div class=\"w-form-row-field\">\r\n\t\t\t\t<input type=\"hidden\" name=\"us_form_1_captcha_1_hash\" value=\"90cf2238132b2c8a5b5c825d39b4ea39\" \/>\r\n\t\t\t\t<input aria-label=\"us_form_1_captcha_1\" type=\"text\" name=\"us_form_1_captcha_1\" placeholder data-required=\"true\" aria-required=\"true\"\/>\r\n\t\t\t<\/div>\r\n\t\t<div class=\"w-form-row-state\">Enter the equation result to proceed<\/div>\r\n<\/div>\r\n<div class=\"w-form-row for_agreement required\">\r\n\t\t<div class=\"w-form-row-field\">\r\n\t\t\t\t<label>\r\n\t\t\t<input type=\"checkbox\" value=\"1\" data-required=\"true\" aria-required=\"true\" name=\"us_form_1_agreement_1\"\/>\r\n\t\t\t<span>Pensi\u00f3n Maite-ren pribatutasun-politika onartzen dut<\/span>\r\n\t\t<\/label>\r\n\t\t\t<\/div>\r\n\t\t<div class=\"w-form-row-state\">You need to agree with the terms to proceed<\/div>\r\n<\/div>\r\n<input type=\"hidden\" name=\"action\" value=\"us_ajax_cform\" \/>\r\n<input type=\"hidden\" name=\"post_id\" value=\"0\" \/>\r\n<input type=\"hidden\" name=\"form_index\" value=\"1\" \/>\r\n<div class=\"w-form-row for_submit align_none\">\r\n\t<button class=\"w-btn  us-btn-style_1\" aria-label=\"Kontsulta bidali\" type=\"submit\">\r\n\t\t<span class=\"g-preloader type_1\"><\/span>\r\n\t\t\t\t<span class=\"w-btn-label\">Kontsulta bidali<\/span>\r\n\t\t\t<\/button>\r\n\t<\/div>\r\n<\/div><div class=\"w-form-message\"><\/div><div class=\"w-form-json hidden\" onclick='return {&quot;ajaxurl&quot;:&quot;https:\\\/\\\/pensionmaite.com\\\/wp-admin\\\/admin-ajax.php&quot;,&quot;messages&quot;:{&quot;err_empty&quot;:&quot;Fill out this field&quot;,&quot;err_size&quot;:&quot;File size cannot exceed %s MB&quot;,&quot;err_extension&quot;:&quot;%s file type is not allowed&quot;,&quot;err_recaptcha_keys&quot;:&quot;reCAPTCHA keys are incorrect&quot;}}'><\/div><\/form><\/div><\/div><\/div><\/div><\/section>\n","protected":false},"excerpt":{"rendered":"location_onMadrid Etorbidea 19, 1. entresuelo B 20011 Donostia \u2013 San Sebasti\u00e1nphone(+34) 943 470 715(+34) 943 470 715access_timeOrdutegia:9:30h - 14:00h 16:30h - 21:30h Harremanetarako formularioa Zalantzarik edo kontsultarik baduzu, bete hurrengo formularioa eta ahalik eta lasterren erantzungo dizugu. person Fill out this field Please enter a valid email address. phone Fill out this field calendar_today Fill...","protected":false},"author":2,"featured_media":2421,"parent":0,"menu_order":0,"comment_status":"closed","ping_status":"closed","template":"","meta":{"footnotes":""},"class_list":["post-2476","page","type-page","status-publish","has-post-thumbnail","hentry"],"yoast_head":"<!-- This site is optimized with the Yoast SEO plugin v27.0 - https:\/\/yoast.com\/product\/yoast-seo-wordpress\/ -->\n<title>Harremanetarako - Pension Maite San Sebast\u00edan<\/title>\n<meta name=\"robots\" content=\"index, follow, max-snippet:-1, max-image-preview:large, max-video-preview:-1\" \/>\n<link rel=\"canonical\" href=\"https:\/\/pensionmaite.com\/eu\/contacto\/\" \/>\n<meta property=\"og:locale\" content=\"eu_ES\" \/>\n<meta property=\"og:type\" content=\"article\" \/>\n<meta property=\"og:title\" content=\"Harremanetarako - Pension Maite San Sebast\u00edan\" \/>\n<meta property=\"og:url\" content=\"https:\/\/pensionmaite.com\/eu\/contacto\/\" \/>\n<meta property=\"og:site_name\" content=\"Pension Maite San Sebast\u00edan\" \/>\n<meta property=\"article:modified_time\" content=\"2026-03-13T06:24:22+00:00\" \/>\n<meta property=\"og:image\" content=\"https:\/\/pensionmaite.com\/wp-content\/uploads\/2026\/03\/IMG_3045-scaled.jpg\" \/>\n\t<meta property=\"og:image:width\" content=\"1920\" \/>\n\t<meta property=\"og:image:height\" content=\"2560\" \/>\n\t<meta property=\"og:image:type\" content=\"image\/jpeg\" \/>\n<meta name=\"twitter:card\" content=\"summary_large_image\" \/>\n<meta name=\"twitter:label1\" content=\"Est. reading time\" \/>\n\t<meta name=\"twitter:data1\" content=\"1 minute\" \/>\n<script type=\"application\/ld+json\" class=\"yoast-schema-graph\">{\"@context\":\"https:\/\/schema.org\",\"@graph\":[{\"@type\":\"WebPage\",\"@id\":\"https:\/\/pensionmaite.com\/eu\/contacto\/\",\"url\":\"https:\/\/pensionmaite.com\/eu\/contacto\/\",\"name\":\"Harremanetarako - Pension Maite San Sebast\u00edan\",\"isPartOf\":{\"@id\":\"https:\/\/pensionmaite.com\/#website\"},\"primaryImageOfPage\":{\"@id\":\"https:\/\/pensionmaite.com\/eu\/contacto\/#primaryimage\"},\"image\":{\"@id\":\"https:\/\/pensionmaite.com\/eu\/contacto\/#primaryimage\"},\"thumbnailUrl\":\"https:\/\/pensionmaite.com\/wp-content\/uploads\/2026\/03\/IMG_3045-scaled.jpg\",\"datePublished\":\"2016-02-15T15:00:07+00:00\",\"dateModified\":\"2026-03-13T06:24:22+00:00\",\"breadcrumb\":{\"@id\":\"https:\/\/pensionmaite.com\/eu\/contacto\/#breadcrumb\"},\"inLanguage\":\"eu-ES\",\"potentialAction\":[{\"@type\":\"ReadAction\",\"target\":[\"https:\/\/pensionmaite.com\/eu\/contacto\/\"]}]},{\"@type\":\"ImageObject\",\"inLanguage\":\"eu-ES\",\"@id\":\"https:\/\/pensionmaite.com\/eu\/contacto\/#primaryimage\",\"url\":\"https:\/\/pensionmaite.com\/wp-content\/uploads\/2026\/03\/IMG_3045-scaled.jpg\",\"contentUrl\":\"https:\/\/pensionmaite.com\/wp-content\/uploads\/2026\/03\/IMG_3045-scaled.jpg\",\"width\":1920,\"height\":2560},{\"@type\":\"BreadcrumbList\",\"@id\":\"https:\/\/pensionmaite.com\/eu\/contacto\/#breadcrumb\",\"itemListElement\":[{\"@type\":\"ListItem\",\"position\":1,\"name\":\"Portada\",\"item\":\"https:\/\/pensionmaite.com\/eu\/\"},{\"@type\":\"ListItem\",\"position\":2,\"name\":\"Harremanetarako\"}]},{\"@type\":\"WebSite\",\"@id\":\"https:\/\/pensionmaite.com\/#website\",\"url\":\"https:\/\/pensionmaite.com\/\",\"name\":\"Pension Maite San Sebast\u00edan\",\"description\":\"Pensi\u00f3n en el barrio de Amara (San Sebast\u00edan)\",\"potentialAction\":[{\"@type\":\"SearchAction\",\"target\":{\"@type\":\"EntryPoint\",\"urlTemplate\":\"https:\/\/pensionmaite.com\/?s={search_term_string}\"},\"query-input\":{\"@type\":\"PropertyValueSpecification\",\"valueRequired\":true,\"valueName\":\"search_term_string\"}}],\"inLanguage\":\"eu-ES\"}]}<\/script>\n<!-- \/ Yoast SEO plugin. -->","yoast_head_json":{"title":"Harremanetarako - Pension Maite San Sebast\u00edan","robots":{"index":"index","follow":"follow","max-snippet":"max-snippet:-1","max-image-preview":"max-image-preview:large","max-video-preview":"max-video-preview:-1"},"canonical":"https:\/\/pensionmaite.com\/eu\/contacto\/","og_locale":"eu_ES","og_type":"article","og_title":"Harremanetarako - Pension Maite San Sebast\u00edan","og_url":"https:\/\/pensionmaite.com\/eu\/contacto\/","og_site_name":"Pension Maite San Sebast\u00edan","article_modified_time":"2026-03-13T06:24:22+00:00","og_image":[{"width":1920,"height":2560,"url":"https:\/\/pensionmaite.com\/wp-content\/uploads\/2026\/03\/IMG_3045-scaled.jpg","type":"image\/jpeg"}],"twitter_card":"summary_large_image","twitter_misc":{"Est. reading time":"1 minute"},"schema":{"@context":"https:\/\/schema.org","@graph":[{"@type":"WebPage","@id":"https:\/\/pensionmaite.com\/eu\/contacto\/","url":"https:\/\/pensionmaite.com\/eu\/contacto\/","name":"Harremanetarako - Pension Maite San Sebast\u00edan","isPartOf":{"@id":"https:\/\/pensionmaite.com\/#website"},"primaryImageOfPage":{"@id":"https:\/\/pensionmaite.com\/eu\/contacto\/#primaryimage"},"image":{"@id":"https:\/\/pensionmaite.com\/eu\/contacto\/#primaryimage"},"thumbnailUrl":"https:\/\/pensionmaite.com\/wp-content\/uploads\/2026\/03\/IMG_3045-scaled.jpg","datePublished":"2016-02-15T15:00:07+00:00","dateModified":"2026-03-13T06:24:22+00:00","breadcrumb":{"@id":"https:\/\/pensionmaite.com\/eu\/contacto\/#breadcrumb"},"inLanguage":"eu-ES","potentialAction":[{"@type":"ReadAction","target":["https:\/\/pensionmaite.com\/eu\/contacto\/"]}]},{"@type":"ImageObject","inLanguage":"eu-ES","@id":"https:\/\/pensionmaite.com\/eu\/contacto\/#primaryimage","url":"https:\/\/pensionmaite.com\/wp-content\/uploads\/2026\/03\/IMG_3045-scaled.jpg","contentUrl":"https:\/\/pensionmaite.com\/wp-content\/uploads\/2026\/03\/IMG_3045-scaled.jpg","width":1920,"height":2560},{"@type":"BreadcrumbList","@id":"https:\/\/pensionmaite.com\/eu\/contacto\/#breadcrumb","itemListElement":[{"@type":"ListItem","position":1,"name":"Portada","item":"https:\/\/pensionmaite.com\/eu\/"},{"@type":"ListItem","position":2,"name":"Harremanetarako"}]},{"@type":"WebSite","@id":"https:\/\/pensionmaite.com\/#website","url":"https:\/\/pensionmaite.com\/","name":"Pension Maite San Sebast\u00edan","description":"Pensi\u00f3n en el barrio de Amara (San Sebast\u00edan)","potentialAction":[{"@type":"SearchAction","target":{"@type":"EntryPoint","urlTemplate":"https:\/\/pensionmaite.com\/?s={search_term_string}"},"query-input":{"@type":"PropertyValueSpecification","valueRequired":true,"valueName":"search_term_string"}}],"inLanguage":"eu-ES"}]}},"_links":{"self":[{"href":"https:\/\/pensionmaite.com\/eu\/wp-json\/wp\/v2\/pages\/2476","targetHints":{"allow":["GET"]}}],"collection":[{"href":"https:\/\/pensionmaite.com\/eu\/wp-json\/wp\/v2\/pages"}],"about":[{"href":"https:\/\/pensionmaite.com\/eu\/wp-json\/wp\/v2\/types\/page"}],"author":[{"embeddable":true,"href":"https:\/\/pensionmaite.com\/eu\/wp-json\/wp\/v2\/users\/2"}],"replies":[{"embeddable":true,"href":"https:\/\/pensionmaite.com\/eu\/wp-json\/wp\/v2\/comments?post=2476"}],"version-history":[{"count":5,"href":"https:\/\/pensionmaite.com\/eu\/wp-json\/wp\/v2\/pages\/2476\/revisions"}],"predecessor-version":[{"id":2517,"href":"https:\/\/pensionmaite.com\/eu\/wp-json\/wp\/v2\/pages\/2476\/revisions\/2517"}],"wp:featuredmedia":[{"embeddable":true,"href":"https:\/\/pensionmaite.com\/eu\/wp-json\/wp\/v2\/media\/2421"}],"wp:attachment":[{"href":"https:\/\/pensionmaite.com\/eu\/wp-json\/wp\/v2\/media?parent=2476"}],"curies":[{"name":"wp","href":"https:\/\/api.w.org\/{rel}","templated":true}]}}