{"id":2471,"date":"2016-02-15T15:56:36","date_gmt":"2016-02-15T14:56:36","guid":{"rendered":"https:\/\/pensionmaite.com\/localizacion\/"},"modified":"2026-03-11T11:55:21","modified_gmt":"2026-03-11T10:55:21","slug":"localizacion","status":"publish","type":"page","link":"https:\/\/pensionmaite.com\/fr\/localizacion\/","title":{"rendered":"Localisation"},"content":{"rendered":"<section class=\"l-section wpb_row height_large\"><div class=\"l-section-h i-cf\"><div class=\"g-cols vc_row via_grid cols_2 laptops-cols_inherit tablets-cols_inherit mobiles-cols_1 valign_top type_default stacking_default\"><div class=\"wpb_column vc_column_container\"><div class=\"vc_column-inner\"><div class=\"w-separator size_large\"><\/div><div class=\"wpb_text_column\"><div class=\"wpb_wrapper\"><h2>\u00c0 deux pas de tout<\/h2>\n<p>Parfaitement reli\u00e9e, \u00e0 c\u00f4t\u00e9 des arr\u00eats DBUS et Euskotren, \u00e0 15 minutes de la gare d\u2019Atotxa et \u00e0 25 minutes en voiture de l\u2019a\u00e9roport de Saint-S\u00e9bastien-Hondarribia (EAS).<\/p>\n<p>Nous disposons <b>d\u2019un arr\u00eat de bus juste devant la porte<\/b> et d\u2019un arr\u00eat de train \u00e0 une minute.<\/p>\n<p>Vous pourrez vous rendre \u00e0 pied dans n\u2019importe quel endroit de la ville.<\/p>\n<\/div><\/div><\/div><\/div><div class=\"wpb_column vc_column_container\"><div class=\"vc_column-inner\"><div class=\"w-html\"><iframe src=\"https:\/\/www.google.com\/maps\/embed?pb=!1m18!1m12!1m3!1d1514019.7017030916!2d-5.13816222499999!3d42.17018999997561!2m3!1f0!2f0!3f0!3m2!1i1024!2i768!4f13.1!3m3!1m2!1s0xd51aff1ce3d2f05%3A0xe839835a679aa0a4!2sPensi%C3%B3n%20Maite!5e0!3m2!1ses!2ses!4v1772455592867!5m2!1ses!2ses\" width=\"100%\" height=\"450\" style=\"border:0;\" allowfullscreen=\"\" loading=\"lazy\" referrerpolicy=\"no-referrer-when-downgrade\"><\/iframe><\/div><\/div><\/div><\/div><\/div><\/section><section class=\"l-section wpb_row height_auto width_full color_primary\"><div class=\"l-section-h i-cf\"><div class=\"g-cols vc_row via_grid cols_3 laptops-cols_inherit tablets-cols_inherit mobiles-cols_1 valign_middle type_boxes stacking_default\" style=\"--columns-gap:0rem;\"><div class=\"wpb_column vc_column_container us_custom_51b495fd has_bg_color\"><div class=\"vc_column-overlay\" style=\"background:rgba(46,41,37,0.50)\"><\/div><div class=\"vc_column-inner\"><div class=\"w-iconbox us_custom_a696b7b3 iconpos_top style_default color_contrast align_center no_text\"><div class=\"w-iconbox-icon\" style=\"font-size:2rem;\"><i class=\"fas fa-futbol\"><\/i><\/div><div class=\"w-iconbox-meta\"><h3 class=\"w-iconbox-title\">Anoeta<\/h3><\/div><\/div><div class=\"w-separator size_small with_line width_30 thick_3 style_solid color_border align_center\"><div class=\"w-separator-h\"><\/div><\/div>[vc_custom_heading text=\u00a0\u00bb350 m\u00e8tres \u2013<br \/>\n2 minutes \u00e0 pied\u00a0\u00bb font_container=\u00a0\u00bbtag:h4|text_align:center|line_height:1&Prime; google_fonts=\u00a0\u00bbfont_family:Satisfy%3Aregular|font_style:400%20regular%3A400%3Anormal\u00a0\u00bb]<\/div><\/div><div class=\"wpb_column vc_column_container us_custom_5f88c54d has_bg_color\"><div class=\"vc_column-overlay\" style=\"background:rgba(46,41,37,0.50)\"><\/div><div class=\"vc_column-inner\"><div class=\"w-iconbox iconpos_top style_default color_contrast align_center no_text\"><div class=\"w-iconbox-icon\" style=\"font-size:2rem;\"><i class=\"fas fa-umbrella-beach\"><\/i><\/div><div class=\"w-iconbox-meta\"><h3 class=\"w-iconbox-title\">Plage de La Concha<\/h3><\/div><\/div><div class=\"w-separator size_small with_line width_30 thick_3 style_solid color_border align_center\"><div class=\"w-separator-h\"><\/div><\/div>[vc_custom_heading text=\u00a0\u00bb2 km.<br \/>\n25 minutes \u00e0 pied<br \/>\n11 minutes en transport public\u00a0\u00bb font_container=\u00a0\u00bbtag:h4|text_align:center|line_height:1&Prime; google_fonts=\u00a0\u00bbfont_family:Satisfy%3Aregular|font_style:400%20regular%3A400%3Anormal\u00a0\u00bb]<\/div><\/div><div class=\"wpb_column vc_column_container us_custom_054cd534 has_bg_color\"><div class=\"vc_column-overlay\" style=\"background:rgba(46,41,37,0.50)\"><\/div><div class=\"vc_column-inner\"><div class=\"w-iconbox iconpos_top style_default color_contrast align_center no_text\"><div class=\"w-iconbox-icon\" style=\"font-size:2rem;\"><i class=\"fas fa-chalkboard-teacher\"><\/i><\/div><div class=\"w-iconbox-meta\"><h3 class=\"w-iconbox-title\">Kursaal<\/h3><\/div><\/div><div class=\"w-separator size_small with_line width_30 thick_3 style_solid color_border align_center\"><div class=\"w-separator-h\"><\/div><\/div>[vc_custom_heading text=\u00a0\u00bb2,5 km.<br \/>\n30 minutes \u00e0 pied<br \/>\n15 minutes en transport public\u00a0\u00bb font_container=\u00a0\u00bbtag:h4|text_align:center|line_height:1&Prime; google_fonts=\u00a0\u00bbfont_family:Satisfy%3Aregular|font_style:400%20regular%3A400%3Anormal\u00a0\u00bb]<\/div><\/div><\/div><\/div><\/section>\n","protected":false},"excerpt":{"rendered":"\u00c0 deux pas de tout Parfaitement reli\u00e9e, \u00e0 c\u00f4t\u00e9 des arr\u00eats DBUS et Euskotren, \u00e0 15 minutes de la gare d\u2019Atotxa et \u00e0 25 minutes en voiture de l\u2019a\u00e9roport de Saint-S\u00e9bastien-Hondarribia (EAS). Nous disposons d\u2019un arr\u00eat de bus juste devant la porte et d\u2019un arr\u00eat de train \u00e0 une minute. Vous pourrez vous rendre \u00e0...","protected":false},"author":2,"featured_media":2341,"parent":0,"menu_order":0,"comment_status":"closed","ping_status":"closed","template":"","meta":{"footnotes":""},"class_list":["post-2471","page","type-page","status-publish","has-post-thumbnail","hentry"],"yoast_head":"<!-- This site is optimized with the Yoast SEO plugin v27.0 - https:\/\/yoast.com\/product\/yoast-seo-wordpress\/ -->\n<title>Alojamiento cerca de Anoeta - Pension Maite San Sebast\u00edan<\/title>\n<meta name=\"description\" content=\"Estamos a un paso de todo. A 350 metros del estadio de Anoeta, a 25 minutos a pie de La Concha. Tenemos transporte p\u00fablico en la puerta\" \/>\n<meta name=\"robots\" content=\"index, follow, max-snippet:-1, max-image-preview:large, max-video-preview:-1\" \/>\n<link rel=\"canonical\" href=\"https:\/\/pensionmaite.com\/fr\/localizacion\/\" \/>\n<meta property=\"og:locale\" content=\"fr_FR\" \/>\n<meta property=\"og:type\" content=\"article\" \/>\n<meta property=\"og:title\" content=\"Alojamiento cerca de Anoeta - Pension Maite San Sebast\u00edan\" \/>\n<meta property=\"og:description\" content=\"Estamos a un paso de todo. A 350 metros del estadio de Anoeta, a 25 minutos a pie de La Concha. Tenemos transporte p\u00fablico en la puerta\" \/>\n<meta property=\"og:url\" content=\"https:\/\/pensionmaite.com\/fr\/localizacion\/\" \/>\n<meta property=\"og:site_name\" content=\"Pension Maite San Sebast\u00edan\" \/>\n<meta property=\"article:modified_time\" content=\"2026-03-11T10:55:21+00:00\" \/>\n<meta property=\"og:image\" content=\"https:\/\/pensionmaite.com\/wp-content\/uploads\/2026\/03\/images-18.jpeg\" \/>\n\t<meta property=\"og:image:width\" content=\"480\" \/>\n\t<meta property=\"og:image:height\" content=\"640\" \/>\n\t<meta property=\"og:image:type\" content=\"image\/jpeg\" \/>\n<meta name=\"twitter:card\" content=\"summary_large_image\" \/>\n<meta name=\"twitter:label1\" content=\"Dur\u00e9e de lecture estim\u00e9e\" \/>\n\t<meta name=\"twitter:data1\" content=\"1 minute\" \/>\n<script type=\"application\/ld+json\" class=\"yoast-schema-graph\">{\"@context\":\"https:\/\/schema.org\",\"@graph\":[{\"@type\":\"WebPage\",\"@id\":\"https:\/\/pensionmaite.com\/fr\/localizacion\/\",\"url\":\"https:\/\/pensionmaite.com\/fr\/localizacion\/\",\"name\":\"Alojamiento cerca de Anoeta - Pension Maite San Sebast\u00edan\",\"isPartOf\":{\"@id\":\"https:\/\/pensionmaite.com\/#website\"},\"primaryImageOfPage\":{\"@id\":\"https:\/\/pensionmaite.com\/fr\/localizacion\/#primaryimage\"},\"image\":{\"@id\":\"https:\/\/pensionmaite.com\/fr\/localizacion\/#primaryimage\"},\"thumbnailUrl\":\"https:\/\/pensionmaite.com\/wp-content\/uploads\/2026\/03\/images-18.jpeg\",\"datePublished\":\"2016-02-15T14:56:36+00:00\",\"dateModified\":\"2026-03-11T10:55:21+00:00\",\"description\":\"Estamos a un paso de todo. A 350 metros del estadio de Anoeta, a 25 minutos a pie de La Concha. Tenemos transporte p\u00fablico en la puerta\",\"breadcrumb\":{\"@id\":\"https:\/\/pensionmaite.com\/fr\/localizacion\/#breadcrumb\"},\"inLanguage\":\"fr-FR\",\"potentialAction\":[{\"@type\":\"ReadAction\",\"target\":[\"https:\/\/pensionmaite.com\/fr\/localizacion\/\"]}]},{\"@type\":\"ImageObject\",\"inLanguage\":\"fr-FR\",\"@id\":\"https:\/\/pensionmaite.com\/fr\/localizacion\/#primaryimage\",\"url\":\"https:\/\/pensionmaite.com\/wp-content\/uploads\/2026\/03\/images-18.jpeg\",\"contentUrl\":\"https:\/\/pensionmaite.com\/wp-content\/uploads\/2026\/03\/images-18.jpeg\",\"width\":480,\"height\":640},{\"@type\":\"BreadcrumbList\",\"@id\":\"https:\/\/pensionmaite.com\/fr\/localizacion\/#breadcrumb\",\"itemListElement\":[{\"@type\":\"ListItem\",\"position\":1,\"name\":\"Portada\",\"item\":\"https:\/\/pensionmaite.com\/fr\/\"},{\"@type\":\"ListItem\",\"position\":2,\"name\":\"Localisation\"}]},{\"@type\":\"WebSite\",\"@id\":\"https:\/\/pensionmaite.com\/#website\",\"url\":\"https:\/\/pensionmaite.com\/\",\"name\":\"Pension Maite San Sebast\u00edan\",\"description\":\"Pensi\u00f3n en el barrio de Amara (San Sebast\u00edan)\",\"potentialAction\":[{\"@type\":\"SearchAction\",\"target\":{\"@type\":\"EntryPoint\",\"urlTemplate\":\"https:\/\/pensionmaite.com\/?s={search_term_string}\"},\"query-input\":{\"@type\":\"PropertyValueSpecification\",\"valueRequired\":true,\"valueName\":\"search_term_string\"}}],\"inLanguage\":\"fr-FR\"}]}<\/script>\n<!-- \/ Yoast SEO plugin. -->","yoast_head_json":{"title":"Alojamiento cerca de Anoeta - Pension Maite San Sebast\u00edan","description":"Estamos a un paso de todo. A 350 metros del estadio de Anoeta, a 25 minutos a pie de La Concha. Tenemos transporte p\u00fablico en la puerta","robots":{"index":"index","follow":"follow","max-snippet":"max-snippet:-1","max-image-preview":"max-image-preview:large","max-video-preview":"max-video-preview:-1"},"canonical":"https:\/\/pensionmaite.com\/fr\/localizacion\/","og_locale":"fr_FR","og_type":"article","og_title":"Alojamiento cerca de Anoeta - Pension Maite San Sebast\u00edan","og_description":"Estamos a un paso de todo. A 350 metros del estadio de Anoeta, a 25 minutos a pie de La Concha. Tenemos transporte p\u00fablico en la puerta","og_url":"https:\/\/pensionmaite.com\/fr\/localizacion\/","og_site_name":"Pension Maite San Sebast\u00edan","article_modified_time":"2026-03-11T10:55:21+00:00","og_image":[{"width":480,"height":640,"url":"https:\/\/pensionmaite.com\/wp-content\/uploads\/2026\/03\/images-18.jpeg","type":"image\/jpeg"}],"twitter_card":"summary_large_image","twitter_misc":{"Dur\u00e9e de lecture estim\u00e9e":"1 minute"},"schema":{"@context":"https:\/\/schema.org","@graph":[{"@type":"WebPage","@id":"https:\/\/pensionmaite.com\/fr\/localizacion\/","url":"https:\/\/pensionmaite.com\/fr\/localizacion\/","name":"Alojamiento cerca de Anoeta - Pension Maite San Sebast\u00edan","isPartOf":{"@id":"https:\/\/pensionmaite.com\/#website"},"primaryImageOfPage":{"@id":"https:\/\/pensionmaite.com\/fr\/localizacion\/#primaryimage"},"image":{"@id":"https:\/\/pensionmaite.com\/fr\/localizacion\/#primaryimage"},"thumbnailUrl":"https:\/\/pensionmaite.com\/wp-content\/uploads\/2026\/03\/images-18.jpeg","datePublished":"2016-02-15T14:56:36+00:00","dateModified":"2026-03-11T10:55:21+00:00","description":"Estamos a un paso de todo. A 350 metros del estadio de Anoeta, a 25 minutos a pie de La Concha. Tenemos transporte p\u00fablico en la puerta","breadcrumb":{"@id":"https:\/\/pensionmaite.com\/fr\/localizacion\/#breadcrumb"},"inLanguage":"fr-FR","potentialAction":[{"@type":"ReadAction","target":["https:\/\/pensionmaite.com\/fr\/localizacion\/"]}]},{"@type":"ImageObject","inLanguage":"fr-FR","@id":"https:\/\/pensionmaite.com\/fr\/localizacion\/#primaryimage","url":"https:\/\/pensionmaite.com\/wp-content\/uploads\/2026\/03\/images-18.jpeg","contentUrl":"https:\/\/pensionmaite.com\/wp-content\/uploads\/2026\/03\/images-18.jpeg","width":480,"height":640},{"@type":"BreadcrumbList","@id":"https:\/\/pensionmaite.com\/fr\/localizacion\/#breadcrumb","itemListElement":[{"@type":"ListItem","position":1,"name":"Portada","item":"https:\/\/pensionmaite.com\/fr\/"},{"@type":"ListItem","position":2,"name":"Localisation"}]},{"@type":"WebSite","@id":"https:\/\/pensionmaite.com\/#website","url":"https:\/\/pensionmaite.com\/","name":"Pension Maite San Sebast\u00edan","description":"Pensi\u00f3n en el barrio de Amara (San Sebast\u00edan)","potentialAction":[{"@type":"SearchAction","target":{"@type":"EntryPoint","urlTemplate":"https:\/\/pensionmaite.com\/?s={search_term_string}"},"query-input":{"@type":"PropertyValueSpecification","valueRequired":true,"valueName":"search_term_string"}}],"inLanguage":"fr-FR"}]}},"_links":{"self":[{"href":"https:\/\/pensionmaite.com\/fr\/wp-json\/wp\/v2\/pages\/2471","targetHints":{"allow":["GET"]}}],"collection":[{"href":"https:\/\/pensionmaite.com\/fr\/wp-json\/wp\/v2\/pages"}],"about":[{"href":"https:\/\/pensionmaite.com\/fr\/wp-json\/wp\/v2\/types\/page"}],"author":[{"embeddable":true,"href":"https:\/\/pensionmaite.com\/fr\/wp-json\/wp\/v2\/users\/2"}],"replies":[{"embeddable":true,"href":"https:\/\/pensionmaite.com\/fr\/wp-json\/wp\/v2\/comments?post=2471"}],"version-history":[{"count":2,"href":"https:\/\/pensionmaite.com\/fr\/wp-json\/wp\/v2\/pages\/2471\/revisions"}],"predecessor-version":[{"id":2475,"href":"https:\/\/pensionmaite.com\/fr\/wp-json\/wp\/v2\/pages\/2471\/revisions\/2475"}],"wp:featuredmedia":[{"embeddable":true,"href":"https:\/\/pensionmaite.com\/fr\/wp-json\/wp\/v2\/media\/2341"}],"wp:attachment":[{"href":"https:\/\/pensionmaite.com\/fr\/wp-json\/wp\/v2\/media?parent=2471"}],"curies":[{"name":"wp","href":"https:\/\/api.w.org\/{rel}","templated":true}]}}